{"id":5867,"date":"2024-11-05T17:52:09","date_gmt":"2024-11-05T16:52:09","guid":{"rendered":"https:\/\/conferences.euram.academy\/2025conference\/?page_id=5867"},"modified":"2025-07-04T16:40:34","modified_gmt":"2025-07-04T14:40:34","slug":"euram-conference-awards","status":"publish","type":"page","link":"https:\/\/conferences.euram.academy\/2025conference\/euram-conference-awards\/","title":{"rendered":"EURAM Conference Awards"},"content":{"rendered":"<div id='full_slider_1'  class='avia-fullwidth-slider main_color avia-shadow   avia-builder-el-0  el_before_av_one_full  avia-builder-el-first   container_wrap sidebar_right'  ><div  class='avia-slideshow av-lvf14wkd-a0bb27af0f9070f9a8399502f872c141 avia-slideshow-no scaling av_slideshow_full avia-fade-slider av-slideshow-ui av-control-hidden av-no-slider-navigation av-hide-nav-arrows av-slideshow-autoplay av-loop-endless av-loop-manual-endless av-default-height-applied   avia-slideshow-1' data-slideshow-options=\"{&quot;animation&quot;:&quot;fade&quot;,&quot;autoplay&quot;:true,&quot;loop_autoplay&quot;:&quot;endless&quot;,&quot;interval&quot;:5,&quot;loop_manual&quot;:&quot;manual-endless&quot;,&quot;autoplay_stopper&quot;:false,&quot;noNavigation&quot;:true,&quot;bg_slider&quot;:false,&quot;keep_padding&quot;:false,&quot;hoverpause&quot;:false,&quot;show_slide_delay&quot;:0}\"  itemprop=\"image\" itemscope=\"itemscope\" itemtype=\"https:\/\/schema.org\/ImageObject\" ><ul class='avia-slideshow-inner ' style='padding-bottom: 24.001745581497%;'><li  class='avia-slideshow-slide av-lvf14wkd-a0bb27af0f9070f9a8399502f872c141__0  slide-1 slide-odd'><div data-rel='slideshow-1' class='avia-slide-wrap '   ><img decoding=\"async\" fetchpriority=\"high\" class=\"wp-image-5192 avia-img-lazy-loading-not-5192\"  src=\"https:\/\/conferences.euram.academy\/2025conference\/wp-content\/uploads\/sites\/10\/2024\/04\/banner-1100_264px3-1.jpg\" width=\"4583\" height=\"1100\" title='banner-1100_264px3-1' alt=''  itemprop=\"thumbnailUrl\"   \/><\/div><\/li><li  class='avia-slideshow-slide av-lvf14wkd-a0bb27af0f9070f9a8399502f872c141__1  slide-2 slide-even'><div data-rel='slideshow-1' class='avia-slide-wrap '   ><img decoding=\"async\" fetchpriority=\"high\" class=\"wp-image-5193 avia-img-lazy-loading-not-5193\"  src=\"https:\/\/conferences.euram.academy\/2025conference\/wp-content\/uploads\/sites\/10\/2024\/04\/banner-1100_264px.jpg\" width=\"4583\" height=\"1100\" title='banner-1100_264px' alt=''  itemprop=\"thumbnailUrl\"   \/><\/div><\/li><li  class='avia-slideshow-slide av-lvf14wkd-a0bb27af0f9070f9a8399502f872c141__2  slide-3 slide-odd'><div data-rel='slideshow-1' class='avia-slide-wrap '   ><img decoding=\"async\" fetchpriority=\"high\" class=\"wp-image-3836 avia-img-lazy-loading-not-3836\"  src=\"https:\/\/conferences.euram.academy\/2025conference\/wp-content\/uploads\/sites\/10\/2023\/03\/banner-1100_264px2.jpg\" width=\"4583\" height=\"1100\" title='banner-1100_264px2' alt=''  itemprop=\"thumbnailUrl\"   \/><\/div><\/li><\/ul><div class='avia-slideshow-arrows avia-slideshow-controls' ><a href='#prev' class='prev-slide  avia-svg-icon avia-font-svg_entypo-fontello' data-av_svg_icon='left-open-big' data-av_iconset='svg_entypo-fontello' tabindex='-1' title=\"Previous\"><svg version=\"1.1\" xmlns=\"http:\/\/www.w3.org\/2000\/svg\" width=\"15\" height=\"32\" viewBox=\"0 0 15 32\" preserveAspectRatio=\"xMidYMid meet\" aria-labelledby='av-svg-title-1' aria-describedby='av-svg-desc-1' role=\"graphics-symbol\" aria-hidden=\"true\">\n<title id='av-svg-title-1'>Previous<\/title>\n<desc id='av-svg-desc-1'>Previous<\/desc>\n<path d=\"M14.464 27.84q0.832 0.832 0 1.536-0.832 0.832-1.536 0l-12.544-12.608q-0.768-0.768 0-1.6l12.544-12.608q0.704-0.832 1.536 0 0.832 0.704 0 1.536l-11.456 11.904z\"><\/path>\n<\/svg><span class='avia_hidden_link_text'>Previous<\/span><\/a><a href='#next' class='next-slide  avia-svg-icon avia-font-svg_entypo-fontello' data-av_svg_icon='right-open-big' data-av_iconset='svg_entypo-fontello' tabindex='-1' title=\"Next\"><svg version=\"1.1\" xmlns=\"http:\/\/www.w3.org\/2000\/svg\" width=\"15\" height=\"32\" viewBox=\"0 0 15 32\" preserveAspectRatio=\"xMidYMid meet\" aria-labelledby='av-svg-title-2' aria-describedby='av-svg-desc-2' role=\"graphics-symbol\" aria-hidden=\"true\">\n<title id='av-svg-title-2'>Next<\/title>\n<desc id='av-svg-desc-2'>Next<\/desc>\n<path d=\"M0.416 27.84l11.456-11.84-11.456-11.904q-0.832-0.832 0-1.536 0.832-0.832 1.536 0l12.544 12.608q0.768 0.832 0 1.6l-12.544 12.608q-0.704 0.832-1.536 0-0.832-0.704 0-1.536z\"><\/path>\n<\/svg><span class='avia_hidden_link_text'>Next<\/span><\/a><\/div><\/div><\/div><div id='after_full_slider_1'  class='main_color av_default_container_wrap container_wrap sidebar_right'  ><div class='container av-section-cont-open' ><div class='template-page content  av-content-small alpha units'><div class='post-entry post-entry-type-page post-entry-5867'><div class='entry-content-wrapper clearfix'>\n\n<style type=\"text\/css\" data-created_by=\"avia_inline_auto\" id=\"style-css-av-106mv-353b089b00e8dfa4ad5217171139509e\">\n.flex_column.av-106mv-353b089b00e8dfa4ad5217171139509e{\nborder-radius:0px 0px 0px 0px;\npadding:0px 0px 0px 0px;\n}\n<\/style>\n<div  class='flex_column av-106mv-353b089b00e8dfa4ad5217171139509e av_one_full  avia-builder-el-1  el_after_av_slideshow_full  el_before_av_textblock  avia-builder-el-first  first flex_column_div av-zero-column-padding  '     ><style type=\"text\/css\" data-created_by=\"avia_inline_auto\" id=\"style-css-av-k9wm3s1n-2cc386637f1257aa2b009685f0016cf3\">\n#top .av-special-heading.av-k9wm3s1n-2cc386637f1257aa2b009685f0016cf3{\npadding-bottom:10px;\n}\nbody .av-special-heading.av-k9wm3s1n-2cc386637f1257aa2b009685f0016cf3 .av-special-heading-tag .heading-char{\nfont-size:25px;\n}\n.av-special-heading.av-k9wm3s1n-2cc386637f1257aa2b009685f0016cf3 .av-subheading{\nfont-size:17px;\n}\n<\/style>\n<div  class='av-special-heading av-k9wm3s1n-2cc386637f1257aa2b009685f0016cf3 av-special-heading-h2 blockquote modern-quote  avia-builder-el-2  avia-builder-el-no-sibling '><h2 class='av-special-heading-tag '  itemprop=\"headline\"  >EURAM Conference Awards<\/h2><div class=\"special-heading-border\"><div class=\"special-heading-inner-border\"><\/div><\/div><\/div><\/div>\n<section  class='av_textblock_section av-k9wjkwok-5429ebdcddcad86427476aaa39dd43f0 '   itemscope=\"itemscope\" itemtype=\"https:\/\/schema.org\/CreativeWork\" ><div class='avia_textblock'  itemprop=\"text\" ><h3>EURAM 2025 Award Ceremony<\/h3>\n\n<style type=\"text\/css\" data-created_by=\"avia_inline_auto\" id=\"style-css-av-29evyf-b2062a1fde42159712cbeafe47e54282\">\n#top .hr.hr-invisible.av-29evyf-b2062a1fde42159712cbeafe47e54282{\nheight:30px;\n}\n<\/style>\n<div  class='hr av-29evyf-b2062a1fde42159712cbeafe47e54282 hr-invisible  avia-builder-el-4  avia-builder-el-no-sibling '><span class='hr-inner '><span class=\"hr-inner-style\"><\/span><\/span><\/div>\n<h4 style=\"font-weight: 400\"><strong>Best Book Award\u00a0<\/strong><\/h4>\n<p><strong>Winner<\/strong><b><br \/>\nKey Questions and Inspiring Answers in Cross-Cultural Management. Conversations with Leading Women Scholars, <\/b>Edward Elgar Publishing, 2024<br \/>\nby Christoph <b>Barmeyer <\/b>and Constanze <b>Ruesga-Rath<\/b><\/p>\n<p><strong>Runner up<\/strong><\/p>\n<p><b>Homo <\/b><b>Anthropologicus<\/b><b>: A Humanistic Management Perspective, <\/b>Edward Elgar Publishing, 2024<br \/>\nby Jean-Fran\u00e7ois <b>Chanlat<\/b><\/p>\n<p><b>Moral Dilemmas in the Boardroom, <\/b>Palgrave Macmillan Cham, 2024<br \/>\nby Mijntje <b>L\u00fcckerath<\/b><b>-Rovers\u00a0<\/b><\/p>\n<h4><strong>Best Book 2025 Committee<\/strong><\/h4>\n<p>Sylvie Chevrier (chair), Tim Hoff, R\u00e9mi Jardat, Anne-Katrin Neyer, Elena \u00a0 Raviola, Luigi Maria Sicca<\/p>\n<\/div><\/section>\n\n<style type=\"text\/css\" data-created_by=\"avia_inline_auto\" id=\"style-css-av-k9wjlitg-28881a9c3611012a0a8f154e5c0829dc\">\n#top .hr.hr-invisible.av-k9wjlitg-28881a9c3611012a0a8f154e5c0829dc{\nheight:50px;\n}\n<\/style>\n<div  class='hr av-k9wjlitg-28881a9c3611012a0a8f154e5c0829dc hr-invisible  avia-builder-el-5  el_after_av_textblock  el_before_av_textblock '><span class='hr-inner '><span class=\"hr-inner-style\"><\/span><\/span><\/div>\n<section  class='av_textblock_section av-mcn8fxdw-505d04a2b9e141fbeba3ec9fbf534742 '   itemscope=\"itemscope\" itemtype=\"https:\/\/schema.org\/CreativeWork\" ><div class='avia_textblock'  itemprop=\"text\" ><h3><strong>EURAM 2025 Best Reviewer <\/strong><\/h3>\n<p><strong>Winners ex aequo<\/strong><\/p>\n<p><b>Charlotta Linse<\/b><b>, <\/b>KTH, The Royal Institute of Technology<br \/>\nSIG Project Organising<\/p>\n<p><b>Daniel Siegfried<\/b><b>, <\/b>ESCP Business School<br \/>\nSIG Strategic Management<\/p>\n<p><strong>EURAM 2025 Best Reviewer Committee<br \/>\n<\/strong><\/p>\n<p>Zied Guedri (chair), Birgit Helene Jevnaker, Sherry E. Sullivan<\/p>\n<h3><strong>EURAM 2025 Best Paper<\/strong><\/h3>\n<p><strong>Winner<\/strong><\/p>\n<p><b><i>A relational-processual view of governing complex interorganizational networks<br \/>\n<\/i><\/b>Sorin <b>Piperca<\/b>, Senior Lecturer, Birkbeck, University of London, Serghei <b>Floricel,<\/b> Professor, Universit\u00e9 du Qu\u00e9bec \u00e0 Montr\u00e9al<br \/>\nSIG 10 \u2013 Project Organising<\/p>\n<p><strong>Runner up<\/strong><\/p>\n<p><b><i>Responsible entrepreneurs: how do they develop their responsible entrepreneurial awareness (raw)?<br \/>\n<\/i><\/b><b>Giannina Fabiola Lopez Altamirano<\/b>, SKEMA Business School<br \/>\nSIG 03 &#8211; Entrepreneurship<\/p>\n<p><b><i>Strategic Responses to Climate Change<br \/>\n<\/i><\/b><b>Kim B\u00e4r<\/b>, Vienna university of business and economics (WU), Alexander <b>Engelmann<\/b>, WU Vienna University of Economics and Business, Werner <b>Hoffmann<\/b>, Prof. Dr., WU Vienna University of Economics and Business<br \/>\nSIGs 02 &amp; 13 &#8211; Corporate Governance &amp; Strategic Management<\/p>\n<p><strong>EURAM 2025 Best Paper Committee<\/strong><\/p>\n<p>Marion Festing (chair), Morten Huse, Consuelo Xelo Dolz<\/p>\n<h3><strong>EURAM 2025 Most Inspirational Paper<\/strong><\/h3>\n<p><strong>Winners<\/strong><\/p>\n<p><b><i>Violent conflicts, institutional frictions and foreign divestment. The case of MNCs\u2019 market exit from Russia<br \/>\n<\/i><\/b>Dirk <b>H<\/b><b>oltbr<\/b><b>\u0171<\/b><b>gge<\/b>, Friedrich-Alexander University Erlangen-Nu\u0308rnberg, Marc <b>Oberhauser<\/b>, Friedrich-Alexander University Erlangen-N\u00fcrnberg, Laura <b>Kirste<\/b>, Friedrich-Alexander University Erlangen-N\u00fcrnberg<br \/>\nSIG 07 &#8211; International Management<\/p>\n<p><strong>Runner up<\/strong><\/p>\n<p><b><i>An Institutional Logics Approach to Organizing in Complex and Dynamic World of High-growth Digital Platforms<br \/>\n<\/i><\/b>Chandraketan <b>Sahu<\/b>, Jindal Global Business School, Nimruji <b>Jammulamadaka<\/b>,\u00a0 Indian Institute of Management Calcutta<br \/>\nSIG 06 \u2013 Innovation<\/p>\n<p><b><i>Constructing a Nomological Network of Shared Leadership: Insights from a Meta-Analytical Review<\/i><\/b><b><i><br \/>\n<\/i><\/b>Ioannis <b>Tagos<\/b>, University of Konstanz, Sabine <b>Boerner<\/b>, University of Konstanz<br \/>\nSIG 09 \u2013 Organisation behaviour &amp; Human Resources Management<\/p>\n<p><b><i>Scaling High and Wide: Leveraging Artificial Intelligence for Ecosystem Scale-up<br \/>\n<\/i><\/b>Wan <b>Feng<\/b>, Zhejiang University, Tianxi <b>Yang<\/b>, Tsinghua University, Xianwei <b>Shi<\/b>, Antai College of Economics and Management, Shanghai, Jiao Tong University, Ke <b>Rong<\/b> , Tsinghua University, Shahzad (Shaz)<b> Ansari<\/b>, University of Cambridge<br \/>\nSIG 13 \u2013 Strategic Management<\/p>\n<p><strong>EURAM 2025 Most Inspirational Paper Committee<\/strong><\/p>\n<p>Miia Martinsuo (chair), Sylwia Sysko-Romanczuk, Jatinder Sidhu<\/p>\n<h3><strong>EURAM 2025<\/strong> <strong>Innovation in Management Teaching Finalists<\/strong><\/h3>\n<p><strong>Winner<\/strong><\/p>\n<p>Estelle <b>Peyrard<\/b>, i3-CRG, Ecole polytechnique, CNRS, Institut polytechnique de Paris, Palaiseau<br \/>\n<i>A serious game designed to introduce and explore the critical concepts of design exclusion and universal design and raise student&#8217;s awareness about the condition of people with disabilities and other marginalized groups &#8211; In partnership with APF France Handicap.<\/i><\/p>\n<p><strong>Runner up<\/strong><\/p>\n<p>Roberta <b>Cuel<\/b>, Department of Economics and Management, University of Trento<br \/>\n<i>A theatrical experiment <\/i><i>as a way to<\/i><i> cope with complexity and to take decisions in contexts of uncertainty. Based on a &#8220;grammar of improvisation\u201d<\/i><\/p>\n<p><strong>EURAM 2025 Innovation in Management Teaching Committee<\/strong><\/p>\n<p>G\u00e9raldine Schmidt (chair), Zeynep Erden \u00d6zkol, J\u00e9r\u00f4me M\u00e9ric<\/p>\n<h3><strong>EURAM 2025<\/strong> <strong>Research Grants<\/strong><\/h3>\n<p><b><i>Beyond borderless data: data-driven knowledge management of platform-based multinational corporations<br \/>\n<\/i><\/b>Zhengyao <b>Kang<\/b>, University of Bristol; Ke <b>Rong<\/b>, Tsinghua University<\/p>\n<p><b><i>Boundary Spanning for Sustainability in Extreme Antarctica Teams<br \/>\n<\/i><\/b>Monika <b>Maslikowska<\/b>, University of Zurich<\/p>\n<p><b><i>Disentangling the impact of entrepreneurial support organizations (ESOs), particularly accelerators, on startup performance<br \/>\n<\/i><\/b>Hoan <b>Van Nguyen<\/b>, Vrije Universiteit Amsterdam<\/p>\n<p><b><i>Entrepreneurship Amidst Adversity: How Ukrainian Female Entrepreneurs Enact Resilience During Wartime<br \/>\n<\/i><\/b>Sanita <b>Rugina<\/b>, S\u00f6dert\u00f6rn University<\/p>\n<p><b><i>Firms\u2019 global <\/i><\/b><b><i>cities<\/i><\/b><b><i> location propensity and corporate social performance<br \/>\n<\/i><\/b>Raj <b>Mohan<\/b>, Indian Institute of Management Indore<\/p>\n<p><b><i>Maintaining constructive attitudes and work outcomes of local employees in response to migrant inflows into organizations<br \/>\n<\/i><\/b>Eren <b>Akkan<\/b>, Kedge Business School; Daniela <b>Lubatti<\/b>, SKEMA Business School (Universit\u00e9 C\u00f4te d&#8217;Azur); Nicole <b>Franziska Richt<\/b>er, University of Southern Denmark<\/p>\n<p><strong>EURAM 2025<\/strong> <strong>Research Grants Committee<\/strong><\/p>\n<p>Matthias Raith (Chair), Aylin Ates,Panos Desyllas, Maria Elmquist, Fabian Homberg, Michelle O&#8217;Toole, Joao Cotter Salvado<\/p>\n<div id=\"ConnectiveDocSignExtentionInstalled\" data-extension-version=\"1.0.4\"><\/div>\n<\/div><\/section>\n<div  class='hr av-mcn7rl2f-fcdc859f261d304a3ee4056da72fa8bf hr-full  avia-builder-el-7  el_after_av_textblock  el_before_av_textblock  hr-no-shadow'><span class='hr-inner '><span class=\"hr-inner-style\"><\/span><\/span><\/div>\n<section  class='av_textblock_section av-5fhdkr-abc732ea7eb9b266714e312f762440ba '   itemscope=\"itemscope\" itemtype=\"https:\/\/schema.org\/CreativeWork\" ><div class='avia_textblock'  itemprop=\"text\" ><p style=\"text-align: justify\">Every year, EURAM has three Conference Awards which are given out during the Award Ceremony onsite. Scientific Council members volunteer their time and expertise and take part in the various selection committees. You may find additional information about the Scientific Council <a href=\"https:\/\/euram.academy\/euram?service=people&amp;type=scientific\" target=\"_blank\" rel=\"noopener\">here<\/a>.<\/p>\n<p style=\"text-align: justify\">Below you will find a description of the selection process for each conference award:<\/p>\n<ol style=\"text-align: justify\">\n<li><strong> EURAM Best Paper Award \u2013 Prize Money 1000 Euro<\/strong><\/li>\n<\/ol>\n<ul style=\"text-align: justify\">\n<li>Reviewers can nominate a paper for the Best Paper Award.<\/li>\n<li>Each Strategic Interest Groups (SIGs) select one paper per SIG. Papers selected cannot have the SIG chair as a co-author.<\/li>\n<li>The 13 anonymised papers are reviewed by three committee members who each give a score from 1 to 10 and rank the papers.<\/li>\n<li>Results of the evaluations are consolidated, and in the case of a tie, the committee may decide to give the award to one of the papers or to more than one paper. The prize money is shared among all authors.<\/li>\n<li>Nominees must be registered to the conference.<\/li>\n<\/ul>\n<p style=\"text-align: justify\"><strong>Criteria of evaluation:<\/strong><\/p>\n<p style=\"text-align: justify\">Main criteria: advancing the field (theoretical contribution, empirical contribution, methodological contribution, results, relevance); social impact. Additional criterion: clarity (writing and objectives)<\/p>\n<ol style=\"text-align: justify\" start=\"2\">\n<li><strong> EURAM Most Inspirational Award \u2013 Prize Money 1000 Euro<\/strong><\/li>\n<\/ol>\n<ul style=\"text-align: justify\">\n<li>Reviewers can nominate a paper for the Most Inspirational Paper.<\/li>\n<li>Each Strategic Interest Groups (SIGs) select one paper per SIG. Papers selected cannot have the SIG chair as a co-author.<\/li>\n<li>The 13 anonymised papers are reviewed by three committee members who each give a score from 1 to 10 and rank the papers.<\/li>\n<li>Results of the evaluations are consolidated, and in the case of a tie, the committee may decide to give the award to one of the papers or to more than one paper. The prize money is shared among all authors.<\/li>\n<li>Nominees must be registered to the conference.<\/li>\n<\/ul>\n<p style=\"text-align: justify\"><strong>Criteria of evaluation:<\/strong><\/p>\n<p style=\"text-align: justify\">Main criteria: originality, relevance for the debate around main questions of the discipline; relevance for the debate around main contemporary issues; theoretical and methodological accuracy. Additional criterion: clarity<\/p>\n<ol style=\"text-align: justify\" start=\"3\">\n<li><strong> EURAM Best Reviewer Award \u2013 Prize Money\u00a0<\/strong><strong>500 Euro<\/strong><\/li>\n<\/ol>\n<ul style=\"text-align: justify\">\n<li>Nominations may be made by SIGs. SIG Chairs cannot self-nominate a bets reviewer.<\/li>\n<li>In parallel, authors whether their paper was accepted for presentation or not, are asked to rate their reviewers by answering a short questionnaire.<\/li>\n<li>All anonymised reviews are read by two committee members who are asked to give a score of 1 to 10.<\/li>\n<li>Results of the evaluations are consolidated and in case of a tie, the committee may decide to give the award to one or more reviewers. The prize money is shared among all awardees.<\/li>\n<li>Nominees must be registered to the conference<\/li>\n<\/ul>\n<p style=\"text-align: justify\"><strong>Criteria of evaluation:<\/strong><\/p>\n<p style=\"text-align: justify\">Comprehensive feedback taking into consideration both relevance and rigour dimensions of the research (emphasizing responsible research); Constructive feedback which is based on up-to-date knowledge, and which addresses all the parts of the paper; Feasible feedback; Clearly written and well-organized feedback. Feedback that provides not only additional references but also comments on how they can be helpful for the development of the paper.<\/p>\n<p style=\"text-align: justify\"><strong>Other Awards given during the EURAM Conference:<\/strong><\/p>\n<ol style=\"text-align: justify\">\n<li><strong> EURAM Innovation in Management Teaching Award<\/strong><\/li>\n<\/ol>\n<p style=\"text-align: justify\">EURAM Innovation in Management Teaching Award is awarded to individual scholars who have provided an excellent contribution in teaching of public, profit or nonprofit management. This contribution to impact and innovation in teaching management may involve direct teaching and mentoring activities, educational innovations and high-quality teaching materials. Submissions from full or associated professors are encouraged.<\/p>\n<p style=\"text-align: justify\">Deadline <strong>14 December 2024<\/strong><\/p>\n<p style=\"text-align: justify\">Criteria to be found in call <a href=\"https:\/\/euram.academy\/euram?service=awards\" target=\"_blank\" rel=\"noopener\">here<\/a><\/p>\n<ol style=\"text-align: justify\" start=\"2\">\n<li><strong> EURAM Best Book 2024 \u2013 Prize Money 2500 Euro<\/strong><\/li>\n<\/ol>\n<p style=\"text-align: justify\">The Best Book award is also given during the Award Ceremony of EURAM Conference.<\/p>\n<p style=\"text-align: justify\">Deadline <strong>21 January 2025<\/strong><\/p>\n<p style=\"text-align: justify\">Criteria to be found in call <a href=\"https:\/\/euram.academy\/euram?service=awards\" target=\"_blank\" rel=\"noopener\">here<\/a><\/p>\n<ol style=\"text-align: justify\" start=\"3\">\n<li><strong> EURAM Research Grants Scheme \u2013 Grants between 3000 \u2013 5000 Euro<\/strong><\/li>\n<\/ol>\n<p style=\"text-align: justify\">EURAM promotes research through the EURAM Research Grants Scheme.<\/p>\n<div  class='avia-button-wrap av-3wdpjf-be04a6e1b1fbeaef169b83b225870915-wrap avia-button-left  avia-builder-el-9  el_before_av_button  avia-builder-el-first '><a href='https:\/\/www.xcdsystem.com\/eiasm\/abstract\/index.cfm?ID=1uR8SrI'  class='avia-button av-3wdpjf-be04a6e1b1fbeaef169b83b225870915 av-link-btn avia-icon_select-no avia-size-small avia-position-left avia-color-theme-color'  target=\"_blank\"  rel=\"noopener noreferrer\"  aria-label=\"Submit here\"><span class='avia_iconbox_title' >Submit here<\/span><\/a><\/div>\n<p style=\"text-align: justify\">Deadline <strong>12 February 2025<\/strong><\/p>\n<p style=\"text-align: justify\">Criteria to be found in call <a href=\"https:\/\/euram.academy\/euram?service=awards\" target=\"_blank\" rel=\"noopener\">here<\/a><\/p>\n<ol style=\"text-align: justify\" start=\"4\">\n<li><strong> EURAM Edith Penrose Award for Trailblazing Researchers sponsored by INSEAD<\/strong><\/li>\n<\/ol>\n<p style=\"text-align: justify\">To be trailblazing a scholar will demonstrate how they have challenged established wisdom and have been the first to propose a new, alternative or complementary view of it: i.e., they have blazed a new trail (as did Penrose in 1959).<\/p>\n<div  class='avia-button-wrap av-204d17-fd2584520b504ab10dac7dc9bccc38aa-wrap avia-button-left  avia-builder-el-10  el_after_av_button  avia-builder-el-last '><a href='https:\/\/www.xcdsystem.com\/eiasm\/abstract\/index.cfm?ID=Z7bU3w9'  class='avia-button av-204d17-fd2584520b504ab10dac7dc9bccc38aa av-link-btn avia-icon_select-no avia-size-small avia-position-left avia-color-theme-color'  target=\"_blank\"  rel=\"noopener noreferrer\"  aria-label=\"Submit here\"><span class='avia_iconbox_title' >Submit here<\/span><\/a><\/div>\n<p style=\"text-align: justify\">Deadline <strong>26 February 2025<\/strong><\/p>\n<p style=\"text-align: justify\">Criteria to be found in call <a href=\"https:\/\/euram.academy\/euram?service=awards\" target=\"_blank\" rel=\"noopener\">here<\/a><\/p>\n<\/div><\/section>\n<div  class='flex_column av-39yiwb-15b4d4e903bbce2fa93b9e5f3f4f6f45 av_two_third  avia-builder-el-11  el_after_av_textblock  avia-builder-el-last  first flex_column_div  column-top-margin'     ><\/div>\n","protected":false},"excerpt":{"rendered":"","protected":false},"author":1,"featured_media":0,"parent":0,"menu_order":0,"comment_status":"closed","ping_status":"closed","template":"","meta":{"footnotes":""},"class_list":["post-5867","page","type-page","status-publish","hentry"],"_links":{"self":[{"href":"https:\/\/conferences.euram.academy\/2025conference\/wp-json\/wp\/v2\/pages\/5867","targetHints":{"allow":["GET"]}}],"collection":[{"href":"https:\/\/conferences.euram.academy\/2025conference\/wp-json\/wp\/v2\/pages"}],"about":[{"href":"https:\/\/conferences.euram.academy\/2025conference\/wp-json\/wp\/v2\/types\/page"}],"author":[{"embeddable":true,"href":"https:\/\/conferences.euram.academy\/2025conference\/wp-json\/wp\/v2\/users\/1"}],"replies":[{"embeddable":true,"href":"https:\/\/conferences.euram.academy\/2025conference\/wp-json\/wp\/v2\/comments?post=5867"}],"version-history":[{"count":8,"href":"https:\/\/conferences.euram.academy\/2025conference\/wp-json\/wp\/v2\/pages\/5867\/revisions"}],"predecessor-version":[{"id":6020,"href":"https:\/\/conferences.euram.academy\/2025conference\/wp-json\/wp\/v2\/pages\/5867\/revisions\/6020"}],"wp:attachment":[{"href":"https:\/\/conferences.euram.academy\/2025conference\/wp-json\/wp\/v2\/media?parent=5867"}],"curies":[{"name":"wp","href":"https:\/\/api.w.org\/{rel}","templated":true}]}}