{"id":3698,"date":"2023-02-08T11:20:00","date_gmt":"2023-02-08T10:20:00","guid":{"rendered":"https:\/\/conferences.euram.academy\/2023conference\/?page_id=3698"},"modified":"2023-05-11T13:31:38","modified_gmt":"2023-05-11T11:31:38","slug":"lab-2","status":"publish","type":"page","link":"https:\/\/conferences.euram.academy\/2023conference\/lab-2\/","title":{"rendered":"Lab 2"},"content":{"rendered":"<div id='full_slider_1'  class='avia-fullwidth-slider main_color avia-shadow   avia-builder-el-0  el_before_av_one_full  avia-builder-el-first   container_wrap sidebar_right'  ><div  class='avia-slideshow av-e2hbd-b1f36092a730ea14bd21587c7bc8af3b avia-slideshow-no scaling av_slideshow_full avia-fade-slider av-slideshow-ui av-control-hidden av-no-slider-navigation av-hide-nav-arrows av-slideshow-autoplay av-loop-endless av-loop-manual-endless av-default-height-applied   avia-slideshow-1' data-slideshow-options=\"{&quot;animation&quot;:&quot;fade&quot;,&quot;autoplay&quot;:true,&quot;loop_autoplay&quot;:&quot;endless&quot;,&quot;interval&quot;:4,&quot;loop_manual&quot;:&quot;manual-endless&quot;,&quot;autoplay_stopper&quot;:false,&quot;noNavigation&quot;:true,&quot;bg_slider&quot;:false,&quot;keep_padding&quot;:false,&quot;hoverpause&quot;:false,&quot;show_slide_delay&quot;:0}\"  itemprop=\"image\" itemscope=\"itemscope\" itemtype=\"https:\/\/schema.org\/ImageObject\" ><ul class='avia-slideshow-inner ' style='padding-bottom: 24%;'><li  class='avia-slideshow-slide av-e2hbd-b1f36092a730ea14bd21587c7bc8af3b__0  av-single-slide slide-1 slide-odd'><div data-rel='slideshow-1' class='avia-slide-wrap '   ><img decoding=\"async\" fetchpriority=\"high\" class=\"wp-image-2780 avia-img-lazy-loading-not-2780\"  src=\"https:\/\/conferences.euram.academy\/2023conference\/wp-content\/uploads\/sites\/8\/2022\/03\/06092-TCD-TBS-EURAM-Proof05-1100x264-Banner.jpg\" width=\"1100\" height=\"264\" title='06092-TCD-TBS-EURAM-Proof#05-1100x264-Banner' alt=''  itemprop=\"thumbnailUrl\" srcset=\"https:\/\/conferences.euram.academy\/2023conference\/wp-content\/uploads\/sites\/8\/2022\/03\/06092-TCD-TBS-EURAM-Proof05-1100x264-Banner.jpg 1100w, https:\/\/conferences.euram.academy\/2023conference\/wp-content\/uploads\/sites\/8\/2022\/03\/06092-TCD-TBS-EURAM-Proof05-1100x264-Banner-300x72.jpg 300w, https:\/\/conferences.euram.academy\/2023conference\/wp-content\/uploads\/sites\/8\/2022\/03\/06092-TCD-TBS-EURAM-Proof05-1100x264-Banner-1030x247.jpg 1030w, https:\/\/conferences.euram.academy\/2023conference\/wp-content\/uploads\/sites\/8\/2022\/03\/06092-TCD-TBS-EURAM-Proof05-1100x264-Banner-768x184.jpg 768w, https:\/\/conferences.euram.academy\/2023conference\/wp-content\/uploads\/sites\/8\/2022\/03\/06092-TCD-TBS-EURAM-Proof05-1100x264-Banner-705x169.jpg 705w\" sizes=\"(max-width: 1100px) 100vw, 1100px\" \/><\/div><\/li><\/ul><\/div><\/div><div id='after_full_slider_1'  class='main_color av_default_container_wrap container_wrap sidebar_right'  ><div class='container av-section-cont-open' ><div class='template-page content  av-content-small alpha units'><div class='post-entry post-entry-type-page post-entry-3698'><div class='entry-content-wrapper clearfix'>\n\n<style type=\"text\/css\" data-created_by=\"avia_inline_auto\" id=\"style-css-av-106mv-353b089b00e8dfa4ad5217171139509e\">\n.flex_column.av-106mv-353b089b00e8dfa4ad5217171139509e{\nborder-radius:0px 0px 0px 0px;\npadding:0px 0px 0px 0px;\n}\n<\/style>\n<div  class='flex_column av-106mv-353b089b00e8dfa4ad5217171139509e av_one_full  avia-builder-el-1  el_after_av_slideshow_full  el_before_av_hr  avia-builder-el-first  first flex_column_div av-zero-column-padding  '     ><style type=\"text\/css\" data-created_by=\"avia_inline_auto\" id=\"style-css-av-k9yb1y4w-93e8b1312db05e32aaf3da023edf8c9b\">\n#top .av-special-heading.av-k9yb1y4w-93e8b1312db05e32aaf3da023edf8c9b{\npadding-bottom:10px;\n}\nbody .av-special-heading.av-k9yb1y4w-93e8b1312db05e32aaf3da023edf8c9b .av-special-heading-tag .heading-char{\nfont-size:25px;\n}\n.av-special-heading.av-k9yb1y4w-93e8b1312db05e32aaf3da023edf8c9b .av-subheading{\nfont-size:17px;\n}\n<\/style>\n<div  class='av-special-heading av-k9yb1y4w-93e8b1312db05e32aaf3da023edf8c9b av-special-heading-h2  avia-builder-el-2  avia-builder-el-no-sibling '><h2 class='av-special-heading-tag '  itemprop=\"headline\"  >Lab 2 &#8211; Discovering the \u20184th Space\u2019: Identifying researchable topics on the hybrid society and hybrid communities<\/h2><div class=\"special-heading-border\"><div class=\"special-heading-inner-border\"><\/div><\/div><\/div><\/div>\n\n<style type=\"text\/css\" data-created_by=\"avia_inline_auto\" id=\"style-css-av-k9wjlitg-28881a9c3611012a0a8f154e5c0829dc\">\n#top .hr.hr-invisible.av-k9wjlitg-28881a9c3611012a0a8f154e5c0829dc{\nheight:50px;\n}\n<\/style>\n<div  class='hr av-k9wjlitg-28881a9c3611012a0a8f154e5c0829dc hr-invisible  avia-builder-el-3  el_after_av_one_full  el_before_av_textblock '><span class='hr-inner '><span class=\"hr-inner-style\"><\/span><\/span><\/div>\n<section  class='av_textblock_section av-lbmb1d5m-63b1c30b50d91c28a55c7736223c729c '   itemscope=\"itemscope\" itemtype=\"https:\/\/schema.org\/CreativeWork\" ><div class='avia_textblock'  itemprop=\"text\" ><p><strong>Date: <\/strong>Tuesday, June 13, 2023<\/p>\n<p><strong>Time:\u00a0 <\/strong>2.00 pm \u2013 3.20 pm<\/p>\n<p><strong>Language: <\/strong>English<\/p>\n<p><strong>Room:<\/strong>B1.032\u00a0 E&amp;G McNabb Theatre<\/p>\n<p><strong>Description:<\/strong><\/p>\n<p style=\"text-align: justify;\">This lab is focusing on the topic of the \u20184<sup>th<\/sup> Space\u2019\/hybrid society\/hybrid community and it challenges as well as opportunities for our society, politics, businesses, and science. As such, it is a trans- and interdisciplinary topic, for which the lab is a perfect format to identify and develop shared research questions and projects.<\/p>\n<p style=\"text-align: justify;\">We will organize an \u2018ideation sprint\u2019 to identify interesting research topics in the area of the \u20184th Space\u2019\/hybrid society\/hybrid community and inter- as well as transdisciplinary collaboration\/cooperation opportunities among the participants of the lab. To do so, we follow a three-step approach:<\/p>\n<ol style=\"text-align: justify;\">\n<li>We give a comprehensive oversight of the \u20184th Space\u2019 concept and connect it to the expertise of the presenters.<\/li>\n<li>Afterwards, the participants develop possible research questions\/research topics by adding their own area of expertise\/interest into the debate.<\/li>\n<li>Participants decide which of the suggested topics they would like to focus on and, supported by the presenters, create small working groups to start a first exchange on the topic, how they would proceed if they are to develop a joint paper on the topic of their choosing.<\/li>\n<\/ol>\n<p style=\"text-align: justify;\">After the lab, several working groups have been formed by the participants as well as presenters of the lab. Each working group develops joint papers in the area of the \u20184th Space\/hybrid society\/hybrid community with the support of the \u20184th Space Research Group\u2019.<\/p>\n<\/div><\/section>\n\n<style type=\"text\/css\" data-created_by=\"avia_inline_auto\" id=\"style-css-av-ldvigeos-2e656bd627b1e697544f10595c195b76\">\n#top .av-special-heading.av-ldvigeos-2e656bd627b1e697544f10595c195b76{\npadding-bottom:10px;\n}\nbody .av-special-heading.av-ldvigeos-2e656bd627b1e697544f10595c195b76 .av-special-heading-tag .heading-char{\nfont-size:25px;\n}\n.av-special-heading.av-ldvigeos-2e656bd627b1e697544f10595c195b76 .av-subheading{\nfont-size:15px;\n}\n<\/style>\n<div  class='av-special-heading av-ldvigeos-2e656bd627b1e697544f10595c195b76 av-special-heading-h3  avia-builder-el-5  el_after_av_textblock  el_before_av_hr '><h3 class='av-special-heading-tag '  itemprop=\"headline\"  >Presenters<\/h3><div class=\"special-heading-border\"><div class=\"special-heading-inner-border\"><\/div><\/div><\/div>\n\n<style type=\"text\/css\" data-created_by=\"avia_inline_auto\" id=\"style-css-av-ldvisvyc-f65d99e76f9831869162d2177705f88f\">\n#top .hr.hr-invisible.av-ldvisvyc-f65d99e76f9831869162d2177705f88f{\nheight:20px;\n}\n<\/style>\n<div  class='hr av-ldvisvyc-f65d99e76f9831869162d2177705f88f hr-invisible  avia-builder-el-6  el_after_av_heading  el_before_av_one_third '><span class='hr-inner '><span class=\"hr-inner-style\"><\/span><\/span><\/div>\n<div  class='flex_column av-470oft-68e2609704b780b4102ea57f84d2f8b2 av_one_third  avia-builder-el-7  el_after_av_hr  el_before_av_two_third  first flex_column_div  '     ><style type=\"text\/css\" data-created_by=\"avia_inline_auto\" id=\"style-css-av-ldvi45o6-6f677e730dd06b4394747bf040c74bef\">\n.avia-image-container.av-ldvi45o6-6f677e730dd06b4394747bf040c74bef img.avia_image{\nbox-shadow:none;\n}\n.avia-image-container.av-ldvi45o6-6f677e730dd06b4394747bf040c74bef .av-image-caption-overlay-center{\ncolor:#ffffff;\n}\n<\/style>\n<div  class='avia-image-container av-ldvi45o6-6f677e730dd06b4394747bf040c74bef av-styling- avia-align-center  avia-builder-el-8  avia-builder-el-no-sibling '   itemprop=\"image\" itemscope=\"itemscope\" itemtype=\"https:\/\/schema.org\/ImageObject\" ><div class=\"avia-image-container-inner\"><div class=\"avia-image-overlay-wrap\"><img decoding=\"async\" fetchpriority=\"high\" class='wp-image-3699 avia-img-lazy-loading-not-3699 avia_image ' src=\"https:\/\/conferences.euram.academy\/2023conference\/wp-content\/uploads\/sites\/8\/2023\/02\/Daniel-Hardegger-300x300.jpg\" alt='' title='Daniel Hardegger'  height=\"300\" width=\"300\"  itemprop=\"thumbnailUrl\" srcset=\"https:\/\/conferences.euram.academy\/2023conference\/wp-content\/uploads\/sites\/8\/2023\/02\/Daniel-Hardegger.jpg 300w, https:\/\/conferences.euram.academy\/2023conference\/wp-content\/uploads\/sites\/8\/2023\/02\/Daniel-Hardegger-80x80.jpg 80w, https:\/\/conferences.euram.academy\/2023conference\/wp-content\/uploads\/sites\/8\/2023\/02\/Daniel-Hardegger-36x36.jpg 36w, https:\/\/conferences.euram.academy\/2023conference\/wp-content\/uploads\/sites\/8\/2023\/02\/Daniel-Hardegger-180x180.jpg 180w\" sizes=\"(max-width: 300px) 100vw, 300px\" \/><\/div><\/div><\/div><\/div>\n<div  class='flex_column av-9i5nt-6674e1292d821eab042ff430c949e314 av_two_third  avia-builder-el-9  el_after_av_one_third  el_before_av_one_third  flex_column_div  '     ><section  class='av_textblock_section av-ldvi1y4u-301fea959ddf42563ae2e042dfa92ef8 '   itemscope=\"itemscope\" itemtype=\"https:\/\/schema.org\/CreativeWork\" ><div class='avia_textblock'  itemprop=\"text\" ><p style=\"text-align: justify;\"><strong>Dr. Daniel Hardegger<\/strong> is a research fellow the Centre for Competition Law and Compliance (ZWC) at ZHAW School of Management and Law (ZHAW SML), Winterthur. He is leading an international research network, focusing on the rise of the hybrid society, the so called \u201c4th Space\u201d, and its effects of society, politics, economy and science. He was a guest research fellow (until June 2021) at Hasso Plattner Institute (HPI) Potsdam. He acquired his PhD in International History at the London School of Economics and Political Science (LSE), London, and was a guest PhD scholar at Columbia University, New York, and at Humboldt University, Berlin. He is founder of N.CH, an network of negotiation specialists, and co-founder and former board member of Polis180 e.V., the largest grassroots think tank on European and foreign policy in Germany.<\/p>\n<\/div><\/section><\/div>\n<div  class='flex_column av-40o74p-20f83d09e36d823d2fded091142c42fe av_one_third  avia-builder-el-11  el_after_av_two_third  el_before_av_two_third  first flex_column_div  column-top-margin'     ><style type=\"text\/css\" data-created_by=\"avia_inline_auto\" id=\"style-css-av-ldvi7bkz-314a3fb67c7983fd518d0e79f9f79b0d\">\n.avia-image-container.av-ldvi7bkz-314a3fb67c7983fd518d0e79f9f79b0d img.avia_image{\nbox-shadow:none;\n}\n.avia-image-container.av-ldvi7bkz-314a3fb67c7983fd518d0e79f9f79b0d .av-image-caption-overlay-center{\ncolor:#ffffff;\n}\n<\/style>\n<div  class='avia-image-container av-ldvi7bkz-314a3fb67c7983fd518d0e79f9f79b0d av-styling- avia-align-center  avia-builder-el-12  avia-builder-el-no-sibling '   itemprop=\"image\" itemscope=\"itemscope\" itemtype=\"https:\/\/schema.org\/ImageObject\" ><div class=\"avia-image-container-inner\"><div class=\"avia-image-overlay-wrap\"><img decoding=\"async\" fetchpriority=\"high\" class='wp-image-3700 avia-img-lazy-loading-not-3700 avia_image ' src=\"https:\/\/conferences.euram.academy\/2023conference\/wp-content\/uploads\/sites\/8\/2023\/02\/Piotr-Boltuc-300x300.jpg\" alt='' title='Piotr Boltuc'  height=\"300\" width=\"300\"  itemprop=\"thumbnailUrl\" srcset=\"https:\/\/conferences.euram.academy\/2023conference\/wp-content\/uploads\/sites\/8\/2023\/02\/Piotr-Boltuc.jpg 300w, https:\/\/conferences.euram.academy\/2023conference\/wp-content\/uploads\/sites\/8\/2023\/02\/Piotr-Boltuc-80x80.jpg 80w, https:\/\/conferences.euram.academy\/2023conference\/wp-content\/uploads\/sites\/8\/2023\/02\/Piotr-Boltuc-36x36.jpg 36w, https:\/\/conferences.euram.academy\/2023conference\/wp-content\/uploads\/sites\/8\/2023\/02\/Piotr-Boltuc-180x180.jpg 180w\" sizes=\"(max-width: 300px) 100vw, 300px\" \/><\/div><\/div><\/div><\/div>\n<div  class='flex_column av-34qpyh-0487d7fedac0514aec56990db56d245d av_two_third  avia-builder-el-13  el_after_av_one_third  el_before_av_one_third  flex_column_div  column-top-margin'     ><section  class='av_textblock_section av-ldvi5uhq-025334d1dfca8d6b202fc4a68995a708 '   itemscope=\"itemscope\" itemtype=\"https:\/\/schema.org\/CreativeWork\" ><div class='avia_textblock'  itemprop=\"text\" ><p style=\"text-align: justify;\"><strong>Prof. Dr. Piotr (Pete) Boltuc<\/strong> currently is professor of Management Theory at the Warsaw School of Economics; also, Full Professor and Acting Program Chair of Philosophy, and faculty associate at the Department of Computer Science, University of Illinois Springfield and. He focuses on Digital Transformation and its impact on paradigmatic changes of the socio-economic environment of business. This is focused on forward-looking focus on current and emerging AI, especially disruptive technological changes likely to come between the current Industry 4.0 and still futuristic Industry 5.0. Recent publications of articles or chapters at: Cognitive Systems Research; Journal of Artificial Intelligence and Consciousness; AGI\/Springer Science; Procedia Computer Science, Oxford University Press. Associate Editorship includes Computation in Neural Systems, Taylor &amp; Francis; Journal of Artificial Intelligence and Consciousness, Philosophy and Science. He also does research in Philosophy of AI, Computer Ethics and Philosophy of Science, and projects in &#8216;machine consciousness&#8217; and robot ethics.<\/p>\n<\/div><\/section><\/div>\n<div  class='flex_column av-4fcymh-e7688ff9bd59d034695ac5c9b1c067b3 av_one_third  avia-builder-el-15  el_after_av_two_third  el_before_av_two_third  first flex_column_div  column-top-margin'     ><style type=\"text\/css\" data-created_by=\"avia_inline_auto\" id=\"style-css-av-ldviaade-ee4467fbabead3e1821a3846ca83d241\">\n.avia-image-container.av-ldviaade-ee4467fbabead3e1821a3846ca83d241 img.avia_image{\nbox-shadow:none;\n}\n.avia-image-container.av-ldviaade-ee4467fbabead3e1821a3846ca83d241 .av-image-caption-overlay-center{\ncolor:#ffffff;\n}\n<\/style>\n<div  class='avia-image-container av-ldviaade-ee4467fbabead3e1821a3846ca83d241 av-styling- avia-align-center  avia-builder-el-16  avia-builder-el-no-sibling '   itemprop=\"image\" itemscope=\"itemscope\" itemtype=\"https:\/\/schema.org\/ImageObject\" ><div class=\"avia-image-container-inner\"><div class=\"avia-image-overlay-wrap\"><img decoding=\"async\" fetchpriority=\"high\" class='wp-image-3702 avia-img-lazy-loading-not-3702 avia_image ' src=\"https:\/\/conferences.euram.academy\/2023conference\/wp-content\/uploads\/sites\/8\/2023\/02\/Christoph-M.-Abels-1-300x300.jpg\" alt='' title='Christoph M. Abels'  height=\"300\" width=\"300\"  itemprop=\"thumbnailUrl\" srcset=\"https:\/\/conferences.euram.academy\/2023conference\/wp-content\/uploads\/sites\/8\/2023\/02\/Christoph-M.-Abels-1.jpg 300w, https:\/\/conferences.euram.academy\/2023conference\/wp-content\/uploads\/sites\/8\/2023\/02\/Christoph-M.-Abels-1-80x80.jpg 80w, https:\/\/conferences.euram.academy\/2023conference\/wp-content\/uploads\/sites\/8\/2023\/02\/Christoph-M.-Abels-1-36x36.jpg 36w, https:\/\/conferences.euram.academy\/2023conference\/wp-content\/uploads\/sites\/8\/2023\/02\/Christoph-M.-Abels-1-180x180.jpg 180w\" sizes=\"(max-width: 300px) 100vw, 300px\" \/><\/div><\/div><\/div><\/div>\n<div  class='flex_column av-2q5lmx-649e905d89c7bdab41e89c63fed06f45 av_two_third  avia-builder-el-17  el_after_av_one_third  el_before_av_one_third  flex_column_div  column-top-margin'     ><section  class='av_textblock_section av-ldvib384-3e798f999925f7a33e7ae454a5f68e8a '   itemscope=\"itemscope\" itemtype=\"https:\/\/schema.org\/CreativeWork\" ><div class='avia_textblock'  itemprop=\"text\" ><p style=\"text-align: justify;\"><strong>Dr. Christoph M. Abels<\/strong> is a Post-Doctoral Fellow at the University of Potsdam. His research focuses on individuals\u2019 perception of truth, susceptibility to misinformation, and countermeasures to misinformation. Beyond that, he is interested in the role of technology in virtual community-building, the intersection of technology and geopolitics, as well as foresight methods. Christoph has previously worked in the private sector, including both startups and consulting firms. He holds a master\u2019s degree in public policy from the Hertie School and a bachelor\u2019s degree in psychology from the University of Hagen.<\/p>\n<\/div><\/section><\/div>\n<div  class='flex_column av-7iag2a-4b3a0af0e6630828c4b0fab9753c8cf8 av_one_third  avia-builder-el-19  el_after_av_two_third  el_before_av_two_third  first flex_column_div  column-top-margin'     ><style type=\"text\/css\" data-created_by=\"avia_inline_auto\" id=\"style-css-av-ldvip6sy-5a721ea859f9708f9d729a3fa9664ee3\">\n.avia-image-container.av-ldvip6sy-5a721ea859f9708f9d729a3fa9664ee3 img.avia_image{\nbox-shadow:none;\n}\n.avia-image-container.av-ldvip6sy-5a721ea859f9708f9d729a3fa9664ee3 .av-image-caption-overlay-center{\ncolor:#ffffff;\n}\n<\/style>\n<div  class='avia-image-container av-ldvip6sy-5a721ea859f9708f9d729a3fa9664ee3 av-styling- avia-align-center  avia-builder-el-20  avia-builder-el-no-sibling '   itemprop=\"image\" itemscope=\"itemscope\" itemtype=\"https:\/\/schema.org\/ImageObject\" ><div class=\"avia-image-container-inner\"><div class=\"avia-image-overlay-wrap\"><img decoding=\"async\" fetchpriority=\"high\" class='wp-image-3703 avia-img-lazy-loading-not-3703 avia_image ' src=\"https:\/\/conferences.euram.academy\/2023conference\/wp-content\/uploads\/sites\/8\/2023\/02\/Nick-Clifton-300x300.jpg\" alt='' title='Nick Clifton'  height=\"300\" width=\"300\"  itemprop=\"thumbnailUrl\" srcset=\"https:\/\/conferences.euram.academy\/2023conference\/wp-content\/uploads\/sites\/8\/2023\/02\/Nick-Clifton.jpg 300w, https:\/\/conferences.euram.academy\/2023conference\/wp-content\/uploads\/sites\/8\/2023\/02\/Nick-Clifton-80x80.jpg 80w, https:\/\/conferences.euram.academy\/2023conference\/wp-content\/uploads\/sites\/8\/2023\/02\/Nick-Clifton-36x36.jpg 36w, https:\/\/conferences.euram.academy\/2023conference\/wp-content\/uploads\/sites\/8\/2023\/02\/Nick-Clifton-180x180.jpg 180w\" sizes=\"(max-width: 300px) 100vw, 300px\" \/><\/div><\/div><\/div><\/div>\n<div  class='flex_column av-66a9k2-fafe525685948a86ea5d47172c919425 av_two_third  avia-builder-el-21  el_after_av_one_third  el_before_av_one_third  flex_column_div  column-top-margin'     ><section  class='av_textblock_section av-ldvipihl-1c9fe484e3e8cd73f188c7d3e4e58380 '   itemscope=\"itemscope\" itemtype=\"https:\/\/schema.org\/CreativeWork\" ><div class='avia_textblock'  itemprop=\"text\" ><p style=\"text-align: justify;\"><strong>Prof. Dr. Nick Clifton<\/strong>, Cardiff Metropolitan University, UK, is a Professor of Economic Geography and Regional Development. His research interests lie in the fields of regional economics, small business and entrepreneurship, networks, business strategy, innovation, and creativity, focusing on how individuals and firms use networks to acquire knowledge and innovate. He has undertaken funded research for Economic and Social Research Council (ESRC), The Scottish Executive, the Welsh Government, Higher Education Funding Council for Wales (HEFCFW), Federation of Small Business (FSB), Research Councils UK, and the National Endowment for Science Technology and the Arts (NESTA). He serves as Research Excellence Framework (REF) Coordinator for UoA17 (Management) at Cardiff Met. He is a Fellow of the Higher Education Academy and an affiliated member of the Centre for Innovation Research (CIRCLE) at Lund University, Sweden. He serves on the Editorial Advisory Board of Growth and Change: a journal of urban and regional policy.<\/p>\n<\/div><\/section><\/div>\n<div  class='flex_column av-4ce81e-448e9267906ecc6d23797d7e059dbe72 av_one_third  avia-builder-el-23  el_after_av_two_third  el_before_av_two_third  first flex_column_div  column-top-margin'     ><style type=\"text\/css\" data-created_by=\"avia_inline_auto\" id=\"style-css-av-ldvir3qd-15f9282c611bb42ecb16351a81bc7de5\">\n.avia-image-container.av-ldvir3qd-15f9282c611bb42ecb16351a81bc7de5 img.avia_image{\nbox-shadow:none;\n}\n.avia-image-container.av-ldvir3qd-15f9282c611bb42ecb16351a81bc7de5 .av-image-caption-overlay-center{\ncolor:#ffffff;\n}\n<\/style>\n<div  class='avia-image-container av-ldvir3qd-15f9282c611bb42ecb16351a81bc7de5 av-styling- avia-align-center  avia-builder-el-24  avia-builder-el-no-sibling '   itemprop=\"image\" itemscope=\"itemscope\" itemtype=\"https:\/\/schema.org\/ImageObject\" ><div class=\"avia-image-container-inner\"><div class=\"avia-image-overlay-wrap\"><img decoding=\"async\" fetchpriority=\"high\" class='wp-image-3704 avia-img-lazy-loading-not-3704 avia_image ' src=\"https:\/\/conferences.euram.academy\/2023conference\/wp-content\/uploads\/sites\/8\/2023\/02\/Mari\u0301a-Luisa-Go\u0301mez-Jime\u0301nez-300x300.jpg\" alt='' title='Mari\u0301a Luisa Go\u0301mez Jime\u0301nez'  height=\"300\" width=\"300\"  itemprop=\"thumbnailUrl\" srcset=\"https:\/\/conferences.euram.academy\/2023conference\/wp-content\/uploads\/sites\/8\/2023\/02\/Mari\u0301a-Luisa-Go\u0301mez-Jime\u0301nez.jpg 300w, https:\/\/conferences.euram.academy\/2023conference\/wp-content\/uploads\/sites\/8\/2023\/02\/Mari\u0301a-Luisa-Go\u0301mez-Jime\u0301nez-80x80.jpg 80w, https:\/\/conferences.euram.academy\/2023conference\/wp-content\/uploads\/sites\/8\/2023\/02\/Mari\u0301a-Luisa-Go\u0301mez-Jime\u0301nez-36x36.jpg 36w, https:\/\/conferences.euram.academy\/2023conference\/wp-content\/uploads\/sites\/8\/2023\/02\/Mari\u0301a-Luisa-Go\u0301mez-Jime\u0301nez-180x180.jpg 180w\" sizes=\"(max-width: 300px) 100vw, 300px\" \/><\/div><\/div><\/div><\/div>\n<div  class='flex_column av-2i5j9u-8b152ea29720e8939a85dcaf330294a3 av_two_third  avia-builder-el-25  el_after_av_one_third  avia-builder-el-last  flex_column_div  column-top-margin'     ><section  class='av_textblock_section av-ldvireoh-749f932c5b8251a685708207ae9577a5 '   itemscope=\"itemscope\" itemtype=\"https:\/\/schema.org\/CreativeWork\" ><div class='avia_textblock'  itemprop=\"text\" ><p style=\"text-align: justify;\"><strong>Prof. Dr. Mar\u00eda Luisa G\u00f3mez Jim\u00e9nez<\/strong> is a tenured professor of Administrative Law at Malaga University. She leads the Sustainable Research Group P.A.S.O.S. and Directs the Research Group on Sustainable Housing. Founder of the indexed journal WPS-RISHUR, on Urban Sustainability and Urban regeneration and Director of the Publishing collection on Latin American Studie. She performs also as Assistant Director of the Research Institute of Biotechnology and Blue Economy at Malaga University, while being a member of the Andalusian Research Institute of Smart homes and energy efficiency, and She is member of the Directive Board of the Interprofessional Association of Land planning (FUNDICOT). Her research activities focus on the areas of Land Use Law, Housing, Smart homes, Smart cities, Urban Sustainability, Environmental Issues, e-health, and Social Services. She is a member of the Environmental Policies Observatory from the Minister on the topics of Air Quality.<\/p>\n<\/div><\/section><\/div>\n","protected":false},"excerpt":{"rendered":"","protected":false},"author":1,"featured_media":0,"parent":0,"menu_order":0,"comment_status":"closed","ping_status":"closed","template":"","meta":{"footnotes":""},"class_list":["post-3698","page","type-page","status-publish","hentry"],"_links":{"self":[{"href":"https:\/\/conferences.euram.academy\/2023conference\/wp-json\/wp\/v2\/pages\/3698","targetHints":{"allow":["GET"]}}],"collection":[{"href":"https:\/\/conferences.euram.academy\/2023conference\/wp-json\/wp\/v2\/pages"}],"about":[{"href":"https:\/\/conferences.euram.academy\/2023conference\/wp-json\/wp\/v2\/types\/page"}],"author":[{"embeddable":true,"href":"https:\/\/conferences.euram.academy\/2023conference\/wp-json\/wp\/v2\/users\/1"}],"replies":[{"embeddable":true,"href":"https:\/\/conferences.euram.academy\/2023conference\/wp-json\/wp\/v2\/comments?post=3698"}],"version-history":[{"count":4,"href":"https:\/\/conferences.euram.academy\/2023conference\/wp-json\/wp\/v2\/pages\/3698\/revisions"}],"predecessor-version":[{"id":3974,"href":"https:\/\/conferences.euram.academy\/2023conference\/wp-json\/wp\/v2\/pages\/3698\/revisions\/3974"}],"wp:attachment":[{"href":"https:\/\/conferences.euram.academy\/2023conference\/wp-json\/wp\/v2\/media?parent=3698"}],"curies":[{"name":"wp","href":"https:\/\/api.w.org\/{rel}","templated":true}]}}