{"id":395,"date":"2020-05-08T16:24:33","date_gmt":"2020-05-08T16:24:33","guid":{"rendered":"http:\/\/51.159.29.33\/wp\/2020conference\/?page_id=395"},"modified":"2020-07-01T13:55:48","modified_gmt":"2020-07-01T13:55:48","slug":"call-for-topics-and-symposia","status":"publish","type":"page","link":"https:\/\/conferences.euram.academy\/2021conference\/call-for-topics-and-symposia\/","title":{"rendered":"Call for Topics and Symposia"},"content":{"rendered":"<div id='full_slider_1'  class='avia-fullwidth-slider main_color avia-shadow   avia-builder-el-0  el_before_av_submenu  avia-builder-el-first   container_wrap sidebar_right'  ><div  class='avia-slideshow av-ka553tac-9550c30a8fc5f26f2b6e61278a4d80e4 avia-slideshow-featured_large av_slideshow_full avia-slide-slider av-slideshow-ui av-control-default av-slideshow-manual av-loop-once av-loop-manual-endless av-default-height-applied   avia-slideshow-1' data-slideshow-options=\"{&quot;animation&quot;:&quot;slide&quot;,&quot;autoplay&quot;:false,&quot;loop_autoplay&quot;:&quot;once&quot;,&quot;interval&quot;:5,&quot;loop_manual&quot;:&quot;manual-endless&quot;,&quot;autoplay_stopper&quot;:false,&quot;noNavigation&quot;:false,&quot;bg_slider&quot;:false,&quot;keep_padding&quot;:false,&quot;hoverpause&quot;:false,&quot;show_slide_delay&quot;:0}\"  itemprop=\"image\" itemscope=\"itemscope\" itemtype=\"https:\/\/schema.org\/ImageObject\" ><ul class='avia-slideshow-inner ' style='padding-bottom: 28.666666666667%;'><li  class='avia-slideshow-slide av-ka553tac-9550c30a8fc5f26f2b6e61278a4d80e4__0  av-single-slide slide-1 slide-odd'><div data-rel='slideshow-1' class='avia-slide-wrap '   ><img decoding=\"async\" fetchpriority=\"high\" class=\"wp-image-799 avia-img-lazy-loading-not-799\"  src=\"https:\/\/conferences.euram.academy\/2021conference\/wp-content\/uploads\/sites\/4\/2020\/05\/banner-1500x430px.jpg\" width=\"1500\" height=\"430\" title='EURAM2021' alt=''  itemprop=\"thumbnailUrl\" srcset=\"https:\/\/conferences.euram.academy\/2021conference\/wp-content\/uploads\/sites\/4\/2020\/05\/banner-1500x430px.jpg 1500w, https:\/\/conferences.euram.academy\/2021conference\/wp-content\/uploads\/sites\/4\/2020\/05\/banner-1500x430px-300x86.jpg 300w, https:\/\/conferences.euram.academy\/2021conference\/wp-content\/uploads\/sites\/4\/2020\/05\/banner-1500x430px-1030x295.jpg 1030w, https:\/\/conferences.euram.academy\/2021conference\/wp-content\/uploads\/sites\/4\/2020\/05\/banner-1500x430px-768x220.jpg 768w, https:\/\/conferences.euram.academy\/2021conference\/wp-content\/uploads\/sites\/4\/2020\/05\/banner-1500x430px-705x202.jpg 705w\" sizes=\"(max-width: 1500px) 100vw, 1500px\" \/><\/div><\/li><\/ul><\/div><\/div>\n<div id='sub_menu1'  class='av-submenu-container av-l7g3n-24289451bfc285e9919b5cf9574a19dc main_color  avia-builder-el-1  el_after_av_slideshow_full  el_before_av_one_full  submenu-not-first container_wrap sidebar_right' style='z-index:301' ><div class='container av-menu-mobile-disabled av-submenu-pos-right'><ul id=\"menu-secondary\" class=\"av-subnav-menu\" role=\"menu\"><li role=\"menuitem\" id=\"menu-item-1814\" class=\"menu-item menu-item-type-post_type menu-item-object-page av-menu-button av-menu-button-colored menu-item-top-level menu-item-top-level-1\"><a href=\"https:\/\/conferences.euram.academy\/2021conference\/frequently-asked-questions\/\" itemprop=\"url\" tabindex=\"0\"><span class=\"avia-bullet\"><\/span><span class=\"avia-menu-text\">Frequently asked questions<\/span><span class=\"avia-menu-fx\"><span class=\"avia-arrow-wrap\"><span class=\"avia-arrow\"><\/span><\/span><\/span><\/a><\/li>\n<li role=\"menuitem\" id=\"menu-item-831\" class=\"menu-item menu-item-type-post_type menu-item-object-page av-menu-button av-menu-button-colored menu-item-top-level menu-item-top-level-2\"><a href=\"https:\/\/conferences.euram.academy\/2021conference\/contact-us\/\" itemprop=\"url\" tabindex=\"0\"><span class=\"avia-bullet\"><\/span><span class=\"avia-menu-text\">Contact us<\/span><span class=\"avia-menu-fx\"><span class=\"avia-arrow-wrap\"><span class=\"avia-arrow\"><\/span><\/span><\/span><\/a><\/li>\n<li role=\"menuitem\" id=\"menu-item-832\" class=\"menu-item menu-item-type-custom menu-item-object-custom av-menu-button av-menu-button-colored menu-item-top-level menu-item-top-level-3\"><a href=\"http:\/\/conferences.euram.academy\/2021conference\/wp-content\/uploads\/sites\/4\/2020\/05\/EURAM-2021-flyer-a4-005.pdf\" itemprop=\"url\" tabindex=\"0\"><span class=\"avia-bullet\"><\/span><span class=\"avia-menu-text\">Flyer<\/span><span class=\"avia-menu-fx\"><span class=\"avia-arrow-wrap\"><span class=\"avia-arrow\"><\/span><\/span><\/span><\/a><\/li>\n<\/ul><\/div><\/div><div id='after_submenu_1'  class='main_color av_default_container_wrap container_wrap sidebar_right'  ><div class='container av-section-cont-open' ><div class='template-page content  av-content-small alpha units'><div class='post-entry post-entry-type-page post-entry-395'><div class='entry-content-wrapper clearfix'>\n\n<style type=\"text\/css\" data-created_by=\"avia_inline_auto\" id=\"style-css-av-106mv-353b089b00e8dfa4ad5217171139509e\">\n.flex_column.av-106mv-353b089b00e8dfa4ad5217171139509e{\nborder-radius:0px 0px 0px 0px;\npadding:0px 0px 0px 0px;\n}\n<\/style>\n<div  class='flex_column av-106mv-353b089b00e8dfa4ad5217171139509e av_one_full  avia-builder-el-2  el_after_av_submenu  el_before_av_hr  avia-builder-el-first  first flex_column_div av-zero-column-padding  '     ><style type=\"text\/css\" data-created_by=\"avia_inline_auto\" id=\"style-css-av-k9yepie3-c68b7e1aacee239a3845b831a3d399c9\">\n#top .av-special-heading.av-k9yepie3-c68b7e1aacee239a3845b831a3d399c9{\npadding-bottom:10px;\n}\nbody .av-special-heading.av-k9yepie3-c68b7e1aacee239a3845b831a3d399c9 .av-special-heading-tag .heading-char{\nfont-size:25px;\n}\n.av-special-heading.av-k9yepie3-c68b7e1aacee239a3845b831a3d399c9 .av-subheading{\nfont-size:17px;\n}\n<\/style>\n<div  class='av-special-heading av-k9yepie3-c68b7e1aacee239a3845b831a3d399c9 av-special-heading-h2  avia-builder-el-3  avia-builder-el-no-sibling '><h2 class='av-special-heading-tag '  itemprop=\"headline\"  >Call for Topics and Symposia<\/h2><div class=\"special-heading-border\"><div class=\"special-heading-inner-border\"><\/div><\/div><\/div><\/div>\n\n<style type=\"text\/css\" data-created_by=\"avia_inline_auto\" id=\"style-css-av-k9wjlitg-28881a9c3611012a0a8f154e5c0829dc\">\n#top .hr.hr-invisible.av-k9wjlitg-28881a9c3611012a0a8f154e5c0829dc{\nheight:50px;\n}\n<\/style>\n<div  class='hr av-k9wjlitg-28881a9c3611012a0a8f154e5c0829dc hr-invisible  avia-builder-el-4  el_after_av_one_full  el_before_av_textblock '><span class='hr-inner '><span class=\"hr-inner-style\"><\/span><\/span><\/div>\n<section  class='av_textblock_section av-k9wjkwok-3e6dc0022716445cca584b8aadd76800 '   itemscope=\"itemscope\" itemtype=\"https:\/\/schema.org\/CreativeWork\" ><div class='avia_textblock'  itemprop=\"text\" ><p style=\"text-align: justify;\">Dear Colleagues,<\/p>\n<p style=\"text-align: justify;\">We are pleased to invite you to collaborate in the design of the programme by proposing topics for discussion and symposia for the 21<sup>st<\/sup> EURAM Annual Conference by <strong>3 July 2020<\/strong>.<\/p>\n<p style=\"text-align: justify;\">The\u00a0<a href=\"http:\/\/conferences.euram.academy\/2021conference\/home\/\"><em>EURAM 2021 Conference<\/em>\u00a0<\/a>will be held in\u00a0<strong>Montr\u00e9al, Canada<\/strong> <strong>on 16, 17 and 18 June.<\/strong><\/p>\n<p style=\"text-align: justify;\">Our conference\u00a0<a href=\"https:\/\/conferences.euram.academy\/2021conference\/theme\/\"><em>theme\u00a0<\/em><\/a>is\u00a0<strong>\u201c<\/strong><strong>Reshaping capitalism for a sustainable world\u201d.<\/strong><\/p>\n<p style=\"text-align: justify;\">We live in an interconnected world that faces great challenges in shaping its FUTURE. In response, we must find new ways to stimulate sustainable economic growth by creating new jobs and economic opportunities for all, serving society, protecting the environment and coping with various threats such as climate change, cyber threats, health crises and humanitarian, economic and financial crises that may arise in the aftermath of the COVID-19 pandemic. To address these challenges, we must initiate a fair dialogue among all stakeholders and groups involved. These include scholars, private and public companies, other organisations and policy-makers at the national and supranational levels. Let\u2019s work together to blur the boundaries between research and practice and find solutions for reshaping capitalism, in a context of pluralism of ideas, multiculturalism, diversity, and inclusion. Let these solutions transcend national boundaries and the narrow goals of each interest group.<\/p>\n<p style=\"text-align: justify;\">The dialogue must address, openly and courageously, any dichotomies among the views of these stakeholders in regard to the timing and means for reshaping capitalism. We can learn from one each other, share ideas and engage collectively in the development of new knowledge that concerns, but is not limited to: new, sustainable paths to innovation that combine social innovation, digital innovation, artificial intelligence and human creativity; new entrepreneurial approaches that combine social entrepreneurship and financial entrepreneurship; new corporate governance practices across the world that address the competing demands of the numerous stakeholders of the Boards and the ability of companies to withstand a crisis; new approaches to strategy &amp; corporate finance that help corporations to balance between their global approaches and their markets\u2019 local needs; new, innovative and sustainable HRM practices and leadership styles in different cultural contexts; new business models aimed at creating economic, social and environmental value and sustainable patterns of consumption; new business practices and public policies throughout the world that seek to improve the wellbeing of our society, the health of our people, the future of our planet, and the strengths of our businesses, financial markets and industries.<\/p>\n<p style=\"text-align: justify;\">In order to adopt a transdisciplinary approach that transcends the boundaries between sciences and combines academic work and professional practice, we expect that proposals will come from scholars from various cultural and academic backgrounds &#8211; management sciences, social sciences, environmental sciences, health sciences, communication, education, ICT or other related sciences.<\/p>\n<p style=\"text-align: justify;\">Do not hesitate to contact the relevant Special Interest Groups (SIGs) chairs by email. Information about the SIGs can be found\u00a0<a href=\"http:\/\/conferences.euram.academy\/2021conference\/strategic-interest-groups\/\"><em>here<\/em><\/a><strong><em>.<\/em><\/strong><\/p>\n<h4 style=\"text-align: justify;\">Call for Topics<\/h4>\n<p style=\"text-align: justify;\">Relevant topics comprise research questions, agendas, issues, problems or aspects which are connected with the conference theme or are normally included in the general programme of the conference (i.e. configuring the parallel sessions of the different Strategic Interest Groups [SIGs] of EURAM).<\/p>\n<p style=\"text-align: justify;\"><a href=\"http:\/\/conferences.euram.academy\/2021conference\/responsibilities-of-topic-proponents\/\" target=\"_blank\" rel=\"noopener noreferrer\" data-cke-saved-href=\"http:\/\/www.euramonline.org\/index.php?option=com_acymailing&amp;ctrl=url&amp;subid=25759&amp;urlid=1755&amp;mailid=417\">Click here<\/a>\u00a0for more information on how to submit a topic proposal. Proposals are to be submitted via the\u00a0<a href=\"https:\/\/www.xcdsystem.com\/euram\/abstract\/index.cfm?ID=oj1qrX7\" target=\"_blank\" rel=\"noopener noreferrer\" data-cke-saved-href=\"http:\/\/www.euramonline.org\/index.php?option=com_acymailing&amp;ctrl=url&amp;subid=25759&amp;urlid=1756&amp;mailid=417\">Topic Submission<\/a>\u00a0online platform. To prepare a proposal with the necessary information, please use the\u00a0<a href=\"http:\/\/conferences.euram.academy\/2021conference\/wp-content\/uploads\/sites\/4\/2020\/05\/TOPIC-PROPOSAL-Checklist.pdf\" target=\"_blank\" rel=\"noopener noreferrer\" data-cke-saved-href=\"http:\/\/www.euramonline.org\/index.php?option=com_acymailing&amp;ctrl=url&amp;subid=25759&amp;urlid=1757&amp;mailid=417\">fields checklist<\/a>.<\/p>\n<h4 style=\"text-align: justify;\">Call for Symposia<\/h4>\n<p style=\"text-align: justify;\">Symposia are discrete sessions around a specific topic or problem that:<\/p>\n<ol style=\"text-align: justify;\">\n<li>Engage a group of panellists in a formal interactive discussion<\/li>\n<li>Encourage lively discussion and presentation of alternative views<\/li>\n<li>Attract the interest of a sufficient number of scholars<\/li>\n<li>Engage with issues that cut across existing SIGs, and<\/li>\n<li>Can be accomplished in a 90min window<\/li>\n<\/ol>\n<p style=\"text-align: justify;\"><a href=\"http:\/\/conferences.euram.academy\/2021conference\/responsibilities-of-symposia-proponents\/\"><em>Click here\u00a0<\/em><\/a>for more information on how to submit a symposium proposal. Proposals are to be submitted via the\u00a0<a href=\"https:\/\/www.xcdsystem.com\/euram\/abstract\/index.cfm?ID=f2EE9Lb\" target=\"_blank\" rel=\"noopener noreferrer\"><em>Symposium Submission<\/em><\/a>\u00a0online platform.<\/p>\n<p style=\"text-align: justify;\">To prepare a proposal with the necessary information, please use the <em><a href=\"http:\/\/conferences.euram.academy\/2021conference\/wp-content\/uploads\/sites\/4\/2020\/05\/SYMPOSIA-PROPOSAL-Checklist.pdf\" target=\"_blank\" rel=\"noopener noreferrer\">fields checklist<\/a>.<\/em><\/p>\n<p style=\"text-align: justify;\">We invite you to join us in Montreal, a multicultural and well-connected \u201bsmart\u2019 city, to assist in the creation of a new trend in action-oriented research by adopting a holistic view of the creation of new knowledge by transdisciplinary thinking that transcends boundaries between sciences \u2013whether management science, social science, environmental science, health science, communication, education, ICT or other related sciences.<\/p>\n\n<style type=\"text\/css\" data-created_by=\"avia_inline_auto\" id=\"style-css-av-7t2cz-4f99064f7ee01ede71c55eaf80efdd2c\">\n#top .hr.hr-invisible.av-7t2cz-4f99064f7ee01ede71c55eaf80efdd2c{\nheight:15px;\n}\n<\/style>\n<div  class='hr av-7t2cz-4f99064f7ee01ede71c55eaf80efdd2c hr-invisible  avia-builder-el-6  avia-builder-el-no-sibling '><span class='hr-inner '><span class=\"hr-inner-style\"><\/span><\/span><\/div>\n<p style=\"text-align: justify;\">On behalf of the Local Organising Committee,<\/p>\n<p><strong>Komlan T. Sedzro\u00a0 \u2003\u2003\u2003 Cam\u00e9lia Dumitriu<\/strong><br \/>\nConference Chair \u2003\u2003\u2003\u2003 Conference Co-Chair<\/p>\n<p style=\"text-align: justify;\">ESG-UQAM, Ecole des sciences de la gestion, Universit\u00e9 du Qu\u00e9bec \u00e0 Montr\u00e9al<br \/>\nCanada<\/p>\n<div style=\"text-align: justify;\"><\/div>\n<\/div><\/section>\n\n<style type=\"text\/css\" data-created_by=\"avia_inline_auto\" id=\"style-css-av-bo27v-1afe9990fa48fbd45fa178c07b9dd0e9\">\n.flex_column.av-bo27v-1afe9990fa48fbd45fa178c07b9dd0e9{\nborder-radius:0px 0px 0px 0px;\npadding:0px 0px 0px 0px;\n}\n<\/style>\n<div  class='flex_column av-bo27v-1afe9990fa48fbd45fa178c07b9dd0e9 av_one_third  avia-builder-el-7  el_after_av_textblock  avia-builder-el-last  first flex_column_div av-zero-column-padding  column-top-margin'     ><style type=\"text\/css\" data-created_by=\"avia_inline_auto\" id=\"style-css-av-ka4iwi1n-1a5d2703e54015cd3458abf83479a81c\">\n.avia-image-container.av-ka4iwi1n-1a5d2703e54015cd3458abf83479a81c img.avia_image{\nbox-shadow:none;\n}\n.avia-image-container.av-ka4iwi1n-1a5d2703e54015cd3458abf83479a81c .av-image-caption-overlay-center{\ncolor:#ffffff;\n}\n<\/style>\n<div  class='avia-image-container av-ka4iwi1n-1a5d2703e54015cd3458abf83479a81c av-styling- avia-align-center  avia-builder-el-8  avia-builder-el-no-sibling '   itemprop=\"image\" itemscope=\"itemscope\" itemtype=\"https:\/\/schema.org\/ImageObject\" ><div class=\"avia-image-container-inner\"><div class=\"avia-image-overlay-wrap\"><img decoding=\"async\" fetchpriority=\"high\" class='wp-image-801 avia-img-lazy-loading-not-801 avia_image ' src=\"https:\/\/conferences.euram.academy\/2021conference\/wp-content\/uploads\/sites\/4\/2020\/05\/Logo_UQAM-1030x212.jpg\" alt='' title='Logo_UQAM'  height=\"212\" width=\"1030\"  itemprop=\"thumbnailUrl\" srcset=\"https:\/\/conferences.euram.academy\/2021conference\/wp-content\/uploads\/sites\/4\/2020\/05\/Logo_UQAM-1030x212.jpg 1030w, https:\/\/conferences.euram.academy\/2021conference\/wp-content\/uploads\/sites\/4\/2020\/05\/Logo_UQAM-300x62.jpg 300w, https:\/\/conferences.euram.academy\/2021conference\/wp-content\/uploads\/sites\/4\/2020\/05\/Logo_UQAM-768x158.jpg 768w, https:\/\/conferences.euram.academy\/2021conference\/wp-content\/uploads\/sites\/4\/2020\/05\/Logo_UQAM-705x145.jpg 705w, https:\/\/conferences.euram.academy\/2021conference\/wp-content\/uploads\/sites\/4\/2020\/05\/Logo_UQAM.jpg 1199w\" sizes=\"(max-width: 1030px) 100vw, 1030px\" \/><\/div><\/div><\/div><\/div>\n","protected":false},"excerpt":{"rendered":"","protected":false},"author":1,"featured_media":0,"parent":0,"menu_order":0,"comment_status":"closed","ping_status":"closed","template":"","meta":{"footnotes":""},"class_list":["post-395","page","type-page","status-publish","hentry"],"_links":{"self":[{"href":"https:\/\/conferences.euram.academy\/2021conference\/wp-json\/wp\/v2\/pages\/395","targetHints":{"allow":["GET"]}}],"collection":[{"href":"https:\/\/conferences.euram.academy\/2021conference\/wp-json\/wp\/v2\/pages"}],"about":[{"href":"https:\/\/conferences.euram.academy\/2021conference\/wp-json\/wp\/v2\/types\/page"}],"author":[{"embeddable":true,"href":"https:\/\/conferences.euram.academy\/2021conference\/wp-json\/wp\/v2\/users\/1"}],"replies":[{"embeddable":true,"href":"https:\/\/conferences.euram.academy\/2021conference\/wp-json\/wp\/v2\/comments?post=395"}],"version-history":[{"count":20,"href":"https:\/\/conferences.euram.academy\/2021conference\/wp-json\/wp\/v2\/pages\/395\/revisions"}],"predecessor-version":[{"id":1063,"href":"https:\/\/conferences.euram.academy\/2021conference\/wp-json\/wp\/v2\/pages\/395\/revisions\/1063"}],"wp:attachment":[{"href":"https:\/\/conferences.euram.academy\/2021conference\/wp-json\/wp\/v2\/media?parent=395"}],"curies":[{"name":"wp","href":"https:\/\/api.w.org\/{rel}","templated":true}]}}