{"id":306,"date":"2020-05-08T09:11:42","date_gmt":"2020-05-08T09:11:42","guid":{"rendered":"http:\/\/51.159.29.33\/wp\/2020conference\/?page_id=306"},"modified":"2020-07-03T07:42:15","modified_gmt":"2020-07-03T07:42:15","slug":"organising-committees","status":"publish","type":"page","link":"https:\/\/conferences.euram.academy\/2021conference\/organising-committees\/","title":{"rendered":"Organising Committees"},"content":{"rendered":"<div id='full_slider_1'  class='avia-fullwidth-slider main_color avia-shadow   avia-builder-el-0  el_before_av_submenu  avia-builder-el-first   container_wrap sidebar_right'  ><div  class='avia-slideshow av-k9wgx7gw-d23cb0b2f4c4bce3362c45266954eb74 avia-slideshow-featured_large av_slideshow_full avia-fade-slider av-slideshow-ui av-control-hidden av-no-slider-navigation av-hide-nav-arrows av-slideshow-autoplay av-loop-once av-loop-manual-endless av-default-height-applied   avia-slideshow-1' data-slideshow-options=\"{&quot;animation&quot;:&quot;fade&quot;,&quot;autoplay&quot;:true,&quot;loop_autoplay&quot;:&quot;once&quot;,&quot;interval&quot;:5,&quot;loop_manual&quot;:&quot;manual-endless&quot;,&quot;autoplay_stopper&quot;:true,&quot;noNavigation&quot;:true,&quot;bg_slider&quot;:false,&quot;keep_padding&quot;:false,&quot;hoverpause&quot;:false,&quot;show_slide_delay&quot;:0}\"  itemprop=\"image\" itemscope=\"itemscope\" itemtype=\"https:\/\/schema.org\/ImageObject\" ><ul class='avia-slideshow-inner ' style='padding-bottom: 28.666666666667%;'><li  class='avia-slideshow-slide av-k9wgx7gw-d23cb0b2f4c4bce3362c45266954eb74__0  av-single-slide slide-1 slide-odd'><div data-rel='slideshow-1' class='avia-slide-wrap '   ><img decoding=\"async\" fetchpriority=\"high\" class=\"wp-image-799 avia-img-lazy-loading-not-799\"  src=\"https:\/\/conferences.euram.academy\/2021conference\/wp-content\/uploads\/sites\/4\/2020\/05\/banner-1500x430px.jpg\" width=\"1500\" height=\"430\" title='EURAM2021' alt=''  itemprop=\"thumbnailUrl\" srcset=\"https:\/\/conferences.euram.academy\/2021conference\/wp-content\/uploads\/sites\/4\/2020\/05\/banner-1500x430px.jpg 1500w, https:\/\/conferences.euram.academy\/2021conference\/wp-content\/uploads\/sites\/4\/2020\/05\/banner-1500x430px-300x86.jpg 300w, https:\/\/conferences.euram.academy\/2021conference\/wp-content\/uploads\/sites\/4\/2020\/05\/banner-1500x430px-1030x295.jpg 1030w, https:\/\/conferences.euram.academy\/2021conference\/wp-content\/uploads\/sites\/4\/2020\/05\/banner-1500x430px-768x220.jpg 768w, https:\/\/conferences.euram.academy\/2021conference\/wp-content\/uploads\/sites\/4\/2020\/05\/banner-1500x430px-705x202.jpg 705w\" sizes=\"(max-width: 1500px) 100vw, 1500px\" \/><\/div><\/li><\/ul><\/div><\/div>\n<div class='clear'><\/div><div id='sub_menu1'  class='av-submenu-container av-ka599ltn-8992de283bffe7b5384baf825ef6cb38 main_color  avia-builder-el-1  el_after_av_slideshow_full  el_before_av_one_full  av-sticky-submenu submenu-not-first container_wrap sidebar_right' style='z-index:301' ><div class='container av-menu-mobile-disabled av-submenu-pos-right'><ul id=\"menu-secondary\" class=\"av-subnav-menu\" role=\"menu\"><li role=\"menuitem\" id=\"menu-item-1814\" class=\"menu-item menu-item-type-post_type menu-item-object-page av-menu-button av-menu-button-colored menu-item-top-level menu-item-top-level-1\"><a href=\"https:\/\/conferences.euram.academy\/2021conference\/frequently-asked-questions\/\" itemprop=\"url\" tabindex=\"0\"><span class=\"avia-bullet\"><\/span><span class=\"avia-menu-text\">Frequently asked questions<\/span><span class=\"avia-menu-fx\"><span class=\"avia-arrow-wrap\"><span class=\"avia-arrow\"><\/span><\/span><\/span><\/a><\/li>\n<li role=\"menuitem\" id=\"menu-item-831\" class=\"menu-item menu-item-type-post_type menu-item-object-page av-menu-button av-menu-button-colored menu-item-top-level menu-item-top-level-2\"><a href=\"https:\/\/conferences.euram.academy\/2021conference\/contact-us\/\" itemprop=\"url\" tabindex=\"0\"><span class=\"avia-bullet\"><\/span><span class=\"avia-menu-text\">Contact us<\/span><span class=\"avia-menu-fx\"><span class=\"avia-arrow-wrap\"><span class=\"avia-arrow\"><\/span><\/span><\/span><\/a><\/li>\n<li role=\"menuitem\" id=\"menu-item-832\" class=\"menu-item menu-item-type-custom menu-item-object-custom av-menu-button av-menu-button-colored menu-item-top-level menu-item-top-level-3\"><a href=\"http:\/\/conferences.euram.academy\/2021conference\/wp-content\/uploads\/sites\/4\/2020\/05\/EURAM-2021-flyer-a4-005.pdf\" itemprop=\"url\" tabindex=\"0\"><span class=\"avia-bullet\"><\/span><span class=\"avia-menu-text\">Flyer<\/span><span class=\"avia-menu-fx\"><span class=\"avia-arrow-wrap\"><span class=\"avia-arrow\"><\/span><\/span><\/span><\/a><\/li>\n<\/ul><\/div><\/div><div class='sticky_placeholder'><\/div><div id='after_submenu_1'  class='main_color av_default_container_wrap container_wrap sidebar_right'  ><div class='container av-section-cont-open' ><div class='template-page content  av-content-small alpha units'><div class='post-entry post-entry-type-page post-entry-306'><div class='entry-content-wrapper clearfix'>\n\n<style type=\"text\/css\" data-created_by=\"avia_inline_auto\" id=\"style-css-av-106mv-353b089b00e8dfa4ad5217171139509e\">\n.flex_column.av-106mv-353b089b00e8dfa4ad5217171139509e{\nborder-radius:0px 0px 0px 0px;\npadding:0px 0px 0px 0px;\n}\n<\/style>\n<div  class='flex_column av-106mv-353b089b00e8dfa4ad5217171139509e av_one_full  avia-builder-el-2  el_after_av_submenu  el_before_av_hr  avia-builder-el-first  first flex_column_div av-zero-column-padding  '     ><style type=\"text\/css\" data-created_by=\"avia_inline_auto\" id=\"style-css-av-k9xz8467-e53c759cf724f72a298d751843286011\">\n#top .av-special-heading.av-k9xz8467-e53c759cf724f72a298d751843286011{\npadding-bottom:10px;\n}\nbody .av-special-heading.av-k9xz8467-e53c759cf724f72a298d751843286011 .av-special-heading-tag .heading-char{\nfont-size:25px;\n}\n.av-special-heading.av-k9xz8467-e53c759cf724f72a298d751843286011 .av-subheading{\nfont-size:17px;\n}\n<\/style>\n<div  class='av-special-heading av-k9xz8467-e53c759cf724f72a298d751843286011 av-special-heading-h2  avia-builder-el-3  avia-builder-el-no-sibling '><h2 class='av-special-heading-tag '  itemprop=\"headline\"  >Organising Committees<\/h2><div class=\"special-heading-border\"><div class=\"special-heading-inner-border\"><\/div><\/div><\/div><\/div>\n\n<style type=\"text\/css\" data-created_by=\"avia_inline_auto\" id=\"style-css-av-k9wjlitg-28881a9c3611012a0a8f154e5c0829dc\">\n#top .hr.hr-invisible.av-k9wjlitg-28881a9c3611012a0a8f154e5c0829dc{\nheight:50px;\n}\n<\/style>\n<div  class='hr av-k9wjlitg-28881a9c3611012a0a8f154e5c0829dc hr-invisible  avia-builder-el-4  el_after_av_one_full  el_before_av_textblock '><span class='hr-inner '><span class=\"hr-inner-style\"><\/span><\/span><\/div>\n<section  class='av_textblock_section av-k9wjkwok-3e6dc0022716445cca584b8aadd76800 '   itemscope=\"itemscope\" itemtype=\"https:\/\/schema.org\/CreativeWork\" ><div class='avia_textblock'  itemprop=\"text\" ><h3>EURAM 2021<\/h3>\n<h3>\u00c9cole des sciences de la gestion &#8211; <a href=\"http:\/\/uqam.ca\/\" data-saferedirecturl=\"https:\/\/www.google.com\/url?q=http:\/\/uqam.ca\/&amp;source=gmail&amp;ust=1587119872162000&amp;usg=AFQjCNGBsoARbs4Pd9Djt3HIKiUOsjwjEA\">Universit\u00e9 du Qu\u00e9bec \u00e0 Montr\u00e9al<\/a><\/h3>\n<h4>Montr\u00e9al, Canada<\/h4>\n<\/div><\/section>\n\n<style type=\"text\/css\" data-created_by=\"avia_inline_auto\" id=\"style-css-av-k9wjlitg-28881a9c3611012a0a8f154e5c0829dc\">\n#top .hr.hr-invisible.av-k9wjlitg-28881a9c3611012a0a8f154e5c0829dc{\nheight:50px;\n}\n<\/style>\n<div  class='hr av-k9wjlitg-28881a9c3611012a0a8f154e5c0829dc hr-invisible  avia-builder-el-6  el_after_av_textblock  el_before_av_textblock '><span class='hr-inner '><span class=\"hr-inner-style\"><\/span><\/span><\/div>\n<section  class='av_textblock_section av-k9wjkwok-3e6dc0022716445cca584b8aadd76800 '   itemscope=\"itemscope\" itemtype=\"https:\/\/schema.org\/CreativeWork\" ><div class='avia_textblock'  itemprop=\"text\" ><h4><strong>Conference Programme Committee<\/strong><\/h4>\n<\/div><\/section>\n<div class='avia-data-table-wrap av-29ykwy-cdd067d79f399af03d5e3bb16af781ad avia_responsive_table avia-table-1'><table  class='avia-table avia-data-table avia_pricing_default  avia-builder-el-8  el_after_av_textblock  el_before_av_hr '  itemscope=\"itemscope\" itemtype=\"https:\/\/schema.org\/Table\" ><tbody><tr class=''><td class=''>Conference Chair<\/td><td class=''>Komlan <b>SEDZRO<\/b> (Ph.D.),<br \/>\nDean, ESG (UQAM)<br \/>\nCanada<\/td><\/tr><tr class=''><td class=''>Conference Co-Chair<\/td><td class=''>Cam\u00e9lia <b>DUMITRIU<\/b> (Ph.D.),<br \/>\nDept. of Strategy and Social &amp; Environmental Responsibility (SER).<br \/>\nCanada<\/td><\/tr><tr class=''><td class=''>Vice President for Conferences<\/td><td class=''>Eythor Ivar <b>JONSSON<\/b>,<br \/>\nAkademias &amp; Copenhagen Business School<br \/>\nDenmark<\/td><\/tr><tr class=''><td class=''>Vice President for Strategic Interest Groups (SIGs)<\/td><td class=''>R\u00e9mi <b>JARDAT<\/b><br \/>\nUniversit\u00e9 Evry-Val d&#8217;Essonne<br \/>\nFrance<\/td><\/tr><tr class=''><td class=''>EURAM Executive Office<\/td><td class=''>Luisa <b>JAFF\u00c9<\/b> &amp; Nicola <b>PELLEGRINO<\/b><\/td><\/tr><\/tbody><\/table><\/div>\n\n<style type=\"text\/css\" data-created_by=\"avia_inline_auto\" id=\"style-css-av-k9wjlitg-28881a9c3611012a0a8f154e5c0829dc\">\n#top .hr.hr-invisible.av-k9wjlitg-28881a9c3611012a0a8f154e5c0829dc{\nheight:50px;\n}\n<\/style>\n<div  class='hr av-k9wjlitg-28881a9c3611012a0a8f154e5c0829dc hr-invisible  avia-builder-el-9  el_after_av_table  el_before_av_textblock '><span class='hr-inner '><span class=\"hr-inner-style\"><\/span><\/span><\/div>\n<section  class='av_textblock_section av-k9wjkwok-3e6dc0022716445cca584b8aadd76800 '   itemscope=\"itemscope\" itemtype=\"https:\/\/schema.org\/CreativeWork\" ><div class='avia_textblock'  itemprop=\"text\" ><h4><strong>Conference Programme Committee<\/strong><\/h4>\n<\/div><\/section>\n\n<style type=\"text\/css\" data-created_by=\"avia_inline_auto\" id=\"style-css-av-k9wjlitg-d05d6c1c7186ab4231af69982572cca6\">\n#top .hr.hr-invisible.av-k9wjlitg-d05d6c1c7186ab4231af69982572cca6{\nheight:20px;\n}\n<\/style>\n<div  class='hr av-k9wjlitg-d05d6c1c7186ab4231af69982572cca6 hr-invisible  avia-builder-el-11  el_after_av_textblock  el_before_av_table '><span class='hr-inner '><span class=\"hr-inner-style\"><\/span><\/span><\/div>\n<div class='avia-data-table-wrap av-29ykwy-cdd067d79f399af03d5e3bb16af781ad avia_responsive_table avia-table-2'><table  class='avia-table avia-data-table avia_pricing_default  avia-builder-el-12  el_after_av_hr  avia-builder-el-last '  itemscope=\"itemscope\" itemtype=\"https:\/\/schema.org\/Table\" ><tbody><tr class=''><td class=''>Lisa <b>BAILLARGEON<\/b> (Ph.D., CPA, CMA).<br \/>\nESG, Dept. of Accounting<br \/>\n<\/td><td class=''>Member <b>LCLAC<\/b> (Local Committee for Logistics and Academic Coordination): Coordinator, General Program and Plenary Sessions<\/td><\/tr><tr class=''><td class=''>Jo\u00eblle <b>CARPENTIER<\/b> (Ph.D.)<br \/>\nESG, Dept. of Human Resources Management<br \/>\n<\/td><td class=''>Local Coordinator SIG <b>\u201cGender, race &amp; diversity in organisations\u201d <\/b>\/ Co-coordinator SIG \u201cOrganisational Behaviour\u201d<\/td><\/tr><tr class=''><td class=''>Cam\u00e9lia <b>DUMITRIU<\/b> (Ph.D.)<br \/>\nESG, Dept. of Strategy and Social &amp; Environmental Responsibility (SER)<br \/>\n<\/td><td class=''>Co-coordinator <b>LCLAC <\/b><\/p>\n<p>Local Coordinator, SIG <b>\u201cPublic and Non-Profit Management\u201d <\/b>\/ Co-coordinator SIGS \u201cStrategic Management\u201d and \u201cManaging Sport\u201d<br \/>\n<\/td><\/tr><tr class=''><td class=''>Gilles <b>DUPUIS<\/b> (Ph.D.)<br \/>\nFaculty of Human Sciences (UQAM), Dept. of Psychology<br \/>\n<\/td><td class=''>Local Coordinator, SIG <b>\u201cInnovation\u201d<\/b>\/ Co-coordinator SIG \u201cResearch Methods and Research Practice\u201d<\/p>\n<p>Member <b>LCLAC<\/b>. Coordinator <b>EURAM 2021 Labs<\/b>.<br \/>\n<\/td><\/tr><tr class=''><td class=''>Corinne <b>GENDRON<\/b> (Ph.D.)<br \/>\nESG, Dept. of Strategy &amp; SER. Member of the Board of Directors of UQAM <\/td><td class=''>Local Coordinator, SIG <b>\u201cBusiness for Society\u201d<\/b>\/Co-Coordinator, SIG \u201cProject Organising\u201d <\/td><\/tr><tr class=''><td class=''>Raoul <b>GRAF<\/b> (Ph.D.)<br \/>\nESG, Dept. of Marketing.<br \/>\nChairman of the Multi-Faculty Committee for Research Ethics<\/td><td class=''>Local Coordinator, SIG <b>\u201cResearch Methods and Research Practice\u201d<\/b>\/ Co-Coordinator SIG \u201cInnovation\u201d<\/td><\/tr><tr class=''><td class=''>Ziad <b>GUEDRI<\/b> (Ph.D.)<br \/>\nESG, Dept. of Strategy &amp; SER<\/td><td class=''>Local Coordinator, SIG <b>\u201cFamily Business Research\u201d<\/b>\/Co-coordinator SIG \u201cCorporate Governance\u201d<\/p>\n<p>Member <b>LCLAC: Co-chair\u2019s Assistant<\/b> (\u201cMeet the Editors\u201d coordinator; screening process (final check) coordinator; co-coordinator &#8211; Conference Track and social media communication<br \/>\n<\/td><\/tr><tr class=''><td class=''>Marie-C\u00e9cile <b>GUILLOT<\/b> (Ma\u00eetre de Langue)<br \/>\nAssociate Dean of Studies, Faculty of Communication (UQAM)<br \/>\n<\/td><td class=''>Member of the LCLAC (Local Committee for Logistics and Academic Coordination): Coordinator media and local communication<\/td><\/tr><tr class=''><td class=''>Maher <b>KOOLI<\/b> (Ph.D.)<br \/>\nESG, Head of the Department of Finance<\/td><td class=''>Local Coordinator, SIG <b>\u201cStrategic Management\u201d<\/b>\/Co-coordinator SIG \u201cPublic and Non-Profit Management\u201d<\/p>\n<p>Member <b>LCLAC: DC Chair<\/b><br \/>\n<\/td><\/tr><tr class=''><td class=''>Guylaine <b>LANDRY<\/b> (Ph.D.)<br \/>\nESG, Head of the Dept. of Human Resources Management<\/td><td class=''>Local Coordinator, SIG <b>\u201cOrganisational Behaviour\u201d<\/b>\/ Co-coordinator, SIG \u201cGender, race &amp; diversity in organisations\u201d<\/td><\/tr><tr class=''><td class=''>Michel <b>LIBROWICZ<\/b> (Ph.D.)<br \/>\nESG, Dept. of Strategy &amp; SER.<br \/>\nDirector of the Canadian EMBA Program in Poland<br \/>\n<\/td><td class=''>Local Coordinator, SIG <b>\u201cInternational Management\u201d<\/b>\/Co-coordinator, SIG \u201cEntrepreneurship\u201d<\/td><\/tr><tr class=''><td class=''>Rachid <b>MOUSTAQUIM<\/b> (Ph.D.)<br \/>\nESG, Affiliated Lecturer, Dept. of Strategy &amp; SER (ESG)<\/td><td class=''>Local Coordinator, SIG <b>\u201cManaging Sport\u201d <\/b>\/Co-coordinator EURAM 2021, SIG \u201cStrategic Management\u201d<\/p>\n<p>Member <b>LCLAC: Co-chair\u2019s Assistant <\/b>(assists the coordinator \u201cMeet the Editors\u201d; logistic activities\/ DEKON; internal communication and advertising (social media)<\/td><\/tr><tr class=''><td class=''>Cristina <b>RETEACA<\/b> (Ph.D.)<br \/>\nAffiliated Sr. Lecturer, Dept. of Strategy &amp; SER (ESG)<\/td><td class=''>Local Coordinator, SIG <b>\u201cEntrepreneurship\u201d<\/b>\/ Co-coordinator, SIG \u201cInternational Management\u201d<\/p>\n<p>Member <b>LCLAC: DC Co-chair<\/b><\/p>\n<p>Co-coordination of the screening process (final check)<br \/>\n<\/td><\/tr><tr class=''><td class=''>Julie <b>RICARD<\/b> (Ph.D. Candidate)<br \/>\nAffiliated Lecturer, Dept. of Management and Technology (ESG)<\/td><td class=''>Local Coordinator, SIG <b>\u201cCorporate Governance\u201d<\/b>\/ Co-coordinator SIG \u201cFamily Business Research\u201d<\/p>\n<p>Member <b>LCLAC: Co-chair\u2019s Assistant<\/b> (logistic activities\/ DEKON; assistant \u201cLABS and Keynote roundtables\u201d; internal and external communication, advertising (social media) and E-mail management<br \/>\n<\/td><\/tr><tr class=''><td class=''>Alejandro <b>ROMERO-TORRES <\/b>(Ph.D.)<br \/>\nESG, Dept. of Management<br \/>\nDirector of graduate programs in project management<br \/>\n<\/td><td class=''>Local Coordinator, SIG <b>\u201cProject Organising\u201d<\/b> \/ Co-coordinator SIG \u201cBusiness for Society\u201d<\/td><\/tr><tr class=''><td class=''>Camille <b>ALLOING<\/b> (Ph.D.)<br \/>\nFaculty of Communication (UQAM). Dept. of social and public communication<br \/>\n<\/td><td class=''>Local Coordinator, SIG <b>\u201cManaging Sport\u201d<\/b><\/td><\/tr><tr class=''><td class=''>St\u00e9phanie <b>YATES<\/b> (Ph.D.)<br \/>\nFaculty of Communication (UQAM). Dept.of social and public communication<br \/>\n<\/td><td class=''>Local Co- Coordinator, SIG <b>\u201cManaging Sport\u201d<\/b><\/p>\n<p>Member <b>LCLAC: Social media coordinator<\/b><br \/>\n<\/td><\/tr><\/tbody><\/table><\/div>\n","protected":false},"excerpt":{"rendered":"","protected":false},"author":1,"featured_media":0,"parent":0,"menu_order":0,"comment_status":"closed","ping_status":"closed","template":"","meta":{"footnotes":""},"class_list":["post-306","page","type-page","status-publish","hentry"],"_links":{"self":[{"href":"https:\/\/conferences.euram.academy\/2021conference\/wp-json\/wp\/v2\/pages\/306","targetHints":{"allow":["GET"]}}],"collection":[{"href":"https:\/\/conferences.euram.academy\/2021conference\/wp-json\/wp\/v2\/pages"}],"about":[{"href":"https:\/\/conferences.euram.academy\/2021conference\/wp-json\/wp\/v2\/types\/page"}],"author":[{"embeddable":true,"href":"https:\/\/conferences.euram.academy\/2021conference\/wp-json\/wp\/v2\/users\/1"}],"replies":[{"embeddable":true,"href":"https:\/\/conferences.euram.academy\/2021conference\/wp-json\/wp\/v2\/comments?post=306"}],"version-history":[{"count":27,"href":"https:\/\/conferences.euram.academy\/2021conference\/wp-json\/wp\/v2\/pages\/306\/revisions"}],"predecessor-version":[{"id":1066,"href":"https:\/\/conferences.euram.academy\/2021conference\/wp-json\/wp\/v2\/pages\/306\/revisions\/1066"}],"wp:attachment":[{"href":"https:\/\/conferences.euram.academy\/2021conference\/wp-json\/wp\/v2\/media?parent=306"}],"curies":[{"name":"wp","href":"https:\/\/api.w.org\/{rel}","templated":true}]}}