{"id":2098,"date":"2021-05-03T16:42:24","date_gmt":"2021-05-03T14:42:24","guid":{"rendered":"https:\/\/conferences.euram.academy\/2021conference\/?page_id=2098"},"modified":"2021-05-10T15:30:54","modified_gmt":"2021-05-10T13:30:54","slug":"lab-2","status":"publish","type":"page","link":"https:\/\/conferences.euram.academy\/2021conference\/lab-2\/","title":{"rendered":"EURAM 2021 &#8211; LAB FOR PRACTITIONERS"},"content":{"rendered":"<div id='full_slider_1'  class='avia-fullwidth-slider main_color avia-shadow   avia-builder-el-0  el_before_av_submenu  avia-builder-el-first   container_wrap sidebar_right'  >\n<style type=\"text\/css\" data-created_by=\"avia_inline_auto\" id=\"style-css-av-k9wgx7gw-e58e444fc7f128703c5f8a3e31bb29ff\">\n#top #wrap_all .avia-slideshow .av-slideshow-caption.av-k9wgx7gw-e58e444fc7f128703c5f8a3e31bb29ff__0 .avia-caption-title{\nfont-size:30px;\ncolor:#ffffff;\n}\n#top .avia-slideshow .av-slideshow-caption.av-k9wgx7gw-e58e444fc7f128703c5f8a3e31bb29ff__0 .avia-caption-content{\nfont-size:25px;\ncolor:#ffffff;\n}\n#top .avia-slideshow .av-slideshow-caption.av-k9wgx7gw-e58e444fc7f128703c5f8a3e31bb29ff__0 .avia-caption-content p{\nfont-size:25px;\n}\n<\/style>\n<div  class='avia-slideshow av-k9wgx7gw-e58e444fc7f128703c5f8a3e31bb29ff avia-slideshow-featured_large av_slideshow_full avia-fade-slider av-slideshow-ui av-control-hidden av-no-slider-navigation av-hide-nav-arrows av-slideshow-autoplay av-loop-once av-loop-manual-endless av-default-height-applied   avia-slideshow-1' data-slideshow-options=\"{&quot;animation&quot;:&quot;fade&quot;,&quot;autoplay&quot;:true,&quot;loop_autoplay&quot;:&quot;once&quot;,&quot;interval&quot;:5,&quot;loop_manual&quot;:&quot;manual-endless&quot;,&quot;autoplay_stopper&quot;:true,&quot;noNavigation&quot;:true,&quot;bg_slider&quot;:false,&quot;keep_padding&quot;:false,&quot;hoverpause&quot;:false,&quot;show_slide_delay&quot;:0}\"  itemprop=\"image\" itemscope=\"itemscope\" itemtype=\"https:\/\/schema.org\/ImageObject\" ><ul class='avia-slideshow-inner ' style='padding-bottom: 28.666666666667%;'><li  class='avia-slideshow-slide av-k9wgx7gw-e58e444fc7f128703c5f8a3e31bb29ff__0  av-single-slide slide-1 slide-odd'><div data-rel='slideshow-1' class='avia-slide-wrap '   ><img decoding=\"async\" fetchpriority=\"high\" class=\"wp-image-799 avia-img-lazy-loading-not-799\"  src=\"https:\/\/conferences.euram.academy\/2021conference\/wp-content\/uploads\/sites\/4\/2020\/05\/banner-1500x430px.jpg\" width=\"1500\" height=\"430\" title='EURAM2021' alt=''  itemprop=\"thumbnailUrl\" srcset=\"https:\/\/conferences.euram.academy\/2021conference\/wp-content\/uploads\/sites\/4\/2020\/05\/banner-1500x430px.jpg 1500w, https:\/\/conferences.euram.academy\/2021conference\/wp-content\/uploads\/sites\/4\/2020\/05\/banner-1500x430px-300x86.jpg 300w, https:\/\/conferences.euram.academy\/2021conference\/wp-content\/uploads\/sites\/4\/2020\/05\/banner-1500x430px-1030x295.jpg 1030w, https:\/\/conferences.euram.academy\/2021conference\/wp-content\/uploads\/sites\/4\/2020\/05\/banner-1500x430px-768x220.jpg 768w, https:\/\/conferences.euram.academy\/2021conference\/wp-content\/uploads\/sites\/4\/2020\/05\/banner-1500x430px-705x202.jpg 705w\" sizes=\"(max-width: 1500px) 100vw, 1500px\" \/><\/div><\/li><\/ul><\/div><\/div>\n<div id='sub_menu1'  class='av-submenu-container av-kfdhn6l4-f65f354ab4d97c8313e8b72ccfeb29fc main_color  avia-builder-el-1  el_after_av_slideshow_full  el_before_av_one_full  submenu-not-first container_wrap sidebar_right' style='z-index:301' ><div class='container av-menu-mobile-disabled av-submenu-pos-right'><ul id=\"menu-secondary\" class=\"av-subnav-menu\" role=\"menu\"><li role=\"menuitem\" id=\"menu-item-1814\" class=\"menu-item menu-item-type-post_type menu-item-object-page av-menu-button av-menu-button-colored menu-item-top-level menu-item-top-level-1\"><a href=\"https:\/\/conferences.euram.academy\/2021conference\/frequently-asked-questions\/\" itemprop=\"url\" tabindex=\"0\"><span class=\"avia-bullet\"><\/span><span class=\"avia-menu-text\">Frequently asked questions<\/span><span class=\"avia-menu-fx\"><span class=\"avia-arrow-wrap\"><span class=\"avia-arrow\"><\/span><\/span><\/span><\/a><\/li>\n<li role=\"menuitem\" id=\"menu-item-831\" class=\"menu-item menu-item-type-post_type menu-item-object-page av-menu-button av-menu-button-colored menu-item-top-level menu-item-top-level-2\"><a href=\"https:\/\/conferences.euram.academy\/2021conference\/contact-us\/\" itemprop=\"url\" tabindex=\"0\"><span class=\"avia-bullet\"><\/span><span class=\"avia-menu-text\">Contact us<\/span><span class=\"avia-menu-fx\"><span class=\"avia-arrow-wrap\"><span class=\"avia-arrow\"><\/span><\/span><\/span><\/a><\/li>\n<li role=\"menuitem\" id=\"menu-item-832\" class=\"menu-item menu-item-type-custom menu-item-object-custom av-menu-button av-menu-button-colored menu-item-top-level menu-item-top-level-3\"><a href=\"http:\/\/conferences.euram.academy\/2021conference\/wp-content\/uploads\/sites\/4\/2020\/05\/EURAM-2021-flyer-a4-005.pdf\" itemprop=\"url\" tabindex=\"0\"><span class=\"avia-bullet\"><\/span><span class=\"avia-menu-text\">Flyer<\/span><span class=\"avia-menu-fx\"><span class=\"avia-arrow-wrap\"><span class=\"avia-arrow\"><\/span><\/span><\/span><\/a><\/li>\n<\/ul><\/div><\/div><div id='after_submenu_1'  class='main_color av_default_container_wrap container_wrap sidebar_right'  ><div class='container av-section-cont-open' ><div class='template-page content  av-content-small alpha units'><div class='post-entry post-entry-type-page post-entry-2098'><div class='entry-content-wrapper clearfix'>\n\n<style type=\"text\/css\" data-created_by=\"avia_inline_auto\" id=\"style-css-av-106mv-353b089b00e8dfa4ad5217171139509e\">\n.flex_column.av-106mv-353b089b00e8dfa4ad5217171139509e{\nborder-radius:0px 0px 0px 0px;\npadding:0px 0px 0px 0px;\n}\n<\/style>\n<div  class='flex_column av-106mv-353b089b00e8dfa4ad5217171139509e av_one_full  avia-builder-el-2  el_after_av_submenu  el_before_av_one_full  avia-builder-el-first  first flex_column_div av-zero-column-padding  '     ><style type=\"text\/css\" data-created_by=\"avia_inline_auto\" id=\"style-css-av-k9yb1y4w-2972ae05028d3ae393dadc23311dfdf5\">\n#top .av-special-heading.av-k9yb1y4w-2972ae05028d3ae393dadc23311dfdf5{\npadding-bottom:10px;\n}\nbody .av-special-heading.av-k9yb1y4w-2972ae05028d3ae393dadc23311dfdf5 .av-special-heading-tag .heading-char{\nfont-size:25px;\n}\n.av-special-heading.av-k9yb1y4w-2972ae05028d3ae393dadc23311dfdf5 .av-subheading{\nfont-size:20px;\n}\n<\/style>\n<div  class='av-special-heading av-k9yb1y4w-2972ae05028d3ae393dadc23311dfdf5 av-special-heading-h2 blockquote modern-quote  avia-builder-el-3  avia-builder-el-no-sibling '><h2 class='av-special-heading-tag '  itemprop=\"headline\"  >EURAM 2021 &#8211; LAB FOR PRACTITIONERS<\/h2><div class='av-subheading av-subheading_below'><p>LAB 2<\/p>\n<\/div><div class=\"special-heading-border\"><div class=\"special-heading-inner-border\"><\/div><\/div><\/div><\/div>\n\n<style type=\"text\/css\" data-created_by=\"avia_inline_auto\" id=\"style-css-av-4tum74-d3c3acd7d3230b42043cfe2144095a80\">\n.flex_column.av-4tum74-d3c3acd7d3230b42043cfe2144095a80{\nborder-radius:0px 0px 0px 0px;\npadding:0px 0px 0px 0px;\n}\n<\/style>\n<div  class='flex_column av-4tum74-d3c3acd7d3230b42043cfe2144095a80 av_one_full  avia-builder-el-4  el_after_av_one_full  el_before_av_textblock  first flex_column_div av-zero-column-padding  column-top-margin'     ><section  class='av_textblock_section av-ko1is1eo-2452ac9f198bb330ac265087bffceaf6 '   itemscope=\"itemscope\" itemtype=\"https:\/\/schema.org\/CreativeWork\" ><div class='avia_textblock'  itemprop=\"text\" ><h3>Remote working and Wellness, Work Organization and Work\/Life Balance<\/h3>\n<\/div><\/section><br \/>\n\n<style type=\"text\/css\" data-created_by=\"avia_inline_auto\" id=\"style-css-av-efayk6-57e42c5c18ab669398d55d2b80c1e8e6\">\n#top .hr.hr-invisible.av-efayk6-57e42c5c18ab669398d55d2b80c1e8e6{\nheight:20px;\n}\n<\/style>\n<div  class='hr av-efayk6-57e42c5c18ab669398d55d2b80c1e8e6 hr-invisible  avia-builder-el-6  el_after_av_textblock  el_before_av_textblock '><span class='hr-inner '><span class=\"hr-inner-style\"><\/span><\/span><\/div><br \/>\n<section  class='av_textblock_section av-ko8nq842-30d44c39fab9b30562507df688231125 '   itemscope=\"itemscope\" itemtype=\"https:\/\/schema.org\/CreativeWork\" ><div class='avia_textblock'  itemprop=\"text\" ><p><strong>Organizer: <\/strong>Gilles Dupuis (Ph.D.), University of Quebec at Montreal<\/p>\n<p><strong>Date: <\/strong>June 15, 2021<\/p>\n<p><strong>Time<\/strong><strong>: <\/strong>2 p.m.- 3:30 p.m.(CET \u2013 Central European Time); 8 a.m. \u2013 9:30 p.m. (Montreal Time).<\/p>\n<p><strong>Language:<\/strong>French<\/p>\n<h4><strong>Description: <\/strong><\/h4>\n<p style=\"text-align: justify;\">The Covid-19 pandemic brought forth two aspects of society&#8217;s daily life: quality of life and remote working. This LAB will focus on tools that may help improve employees\u2019 quality of life during remote working periods. The mental and physical dimensions will be addressed via easy yoga postures on a chair and the work\/life balance via adapted strategies of work organization.<\/p>\n<\/div><\/section><br \/>\n\n<style type=\"text\/css\" data-created_by=\"avia_inline_auto\" id=\"style-css-av-38yndi-b64b169483c650e84b86f8af1e1097ae\">\n#top .hr.hr-invisible.av-38yndi-b64b169483c650e84b86f8af1e1097ae{\nheight:20px;\n}\n<\/style>\n<div  class='hr av-38yndi-b64b169483c650e84b86f8af1e1097ae hr-invisible  avia-builder-el-8  el_after_av_textblock  avia-builder-el-last '><span class='hr-inner '><span class=\"hr-inner-style\"><\/span><\/span><\/div><\/p><\/div><section  class='av_textblock_section av-ko8o1g4i-aa792f92dd786c7098d71d59445f302a '   itemscope=\"itemscope\" itemtype=\"https:\/\/schema.org\/CreativeWork\" ><div class='avia_textblock'  itemprop=\"text\" ><h4><strong>Panelists:<\/strong><\/h4>\n<\/div><\/section><\/p>\n<div class='flex_column_table av-ko8nv6li-fda845273869e21fb90ee6668a6f8e4a sc-av_one_fourth av-equal-height-column-flextable'>\n<style type=\"text\/css\" data-created_by=\"avia_inline_auto\" id=\"style-css-av-ko8nv6li-fda845273869e21fb90ee6668a6f8e4a\">\n#top .flex_column_table.av-equal-height-column-flextable.av-ko8nv6li-fda845273869e21fb90ee6668a6f8e4a{\nmargin-top:10px;\nmargin-bottom:0px;\n}\n.flex_column.av-ko8nv6li-fda845273869e21fb90ee6668a6f8e4a{\nborder-radius:0px 0px 0px 0px;\npadding:0px 0px 0px 0px;\n}\n<\/style>\n<div  class='flex_column av-ko8nv6li-fda845273869e21fb90ee6668a6f8e4a av_one_fourth  avia-builder-el-10  el_after_av_textblock  el_before_av_three_fourth  first flex_column_table_cell av-equal-height-column av-align-top av-zero-column-padding  column-top-margin'     ><style type=\"text\/css\" data-created_by=\"avia_inline_auto\" id=\"style-css-av-ko8o0urq-93ea28f8e10f5a8eaaa239829bf2e184\">\n.avia-image-container.av-ko8o0urq-93ea28f8e10f5a8eaaa239829bf2e184 img.avia_image{\nbox-shadow:none;\n}\n.avia-image-container.av-ko8o0urq-93ea28f8e10f5a8eaaa239829bf2e184 .av-image-caption-overlay-center{\ncolor:#ffffff;\n}\n<\/style>\n<div  class='avia-image-container av-ko8o0urq-93ea28f8e10f5a8eaaa239829bf2e184 av-styling- avia_animated_image av-animated-when-visible-95 fade-in avia-align-center  avia-builder-el-11  avia-builder-el-no-sibling '   itemprop=\"image\" itemscope=\"itemscope\" itemtype=\"https:\/\/schema.org\/ImageObject\" ><div class=\"avia-image-container-inner\"><div class=\"avia-image-overlay-wrap\"><img decoding=\"async\" fetchpriority=\"high\" class='wp-image-2257 avia-img-lazy-loading-not-2257 avia_image ' src=\"https:\/\/conferences.euram.academy\/2021conference\/wp-content\/uploads\/sites\/4\/2021\/05\/Julie-Banville_2.jpg\" alt='' title='Julie Banville_2'  height=\"496\" width=\"350\"  itemprop=\"thumbnailUrl\" srcset=\"https:\/\/conferences.euram.academy\/2021conference\/wp-content\/uploads\/sites\/4\/2021\/05\/Julie-Banville_2.jpg 350w, https:\/\/conferences.euram.academy\/2021conference\/wp-content\/uploads\/sites\/4\/2021\/05\/Julie-Banville_2-212x300.jpg 212w\" sizes=\"(max-width: 350px) 100vw, 350px\" \/><\/div><\/div><\/div><\/div>\n<div class='av-flex-placeholder'><\/div>\n<style type=\"text\/css\" data-created_by=\"avia_inline_auto\" id=\"style-css-av-16ltmu-88d35b7bdfd88441d6c5850f2efd47b8\">\n#top .flex_column_table.av-equal-height-column-flextable.av-16ltmu-88d35b7bdfd88441d6c5850f2efd47b8{\nmargin-top:10px;\nmargin-bottom:0px;\n}\n.flex_column.av-16ltmu-88d35b7bdfd88441d6c5850f2efd47b8{\nborder-radius:0px 0px 0px 0px;\npadding:0px 0px 0px 0px;\n}\n<\/style>\n<div  class='flex_column av-16ltmu-88d35b7bdfd88441d6c5850f2efd47b8 av_three_fourth  avia-builder-el-12  el_after_av_one_fourth  el_before_av_hr  flex_column_table_cell av-equal-height-column av-align-top av-zero-column-padding  column-top-margin'     ><section  class='av_textblock_section av-ko8o15oh-28f2729651dc3de840e3f1e1a5c527c0 '   itemscope=\"itemscope\" itemtype=\"https:\/\/schema.org\/CreativeWork\" ><div class='avia_textblock'  itemprop=\"text\" ><p style=\"text-align: justify;\"><strong>Julie Banville <\/strong>plays various roles in the corporate health and wellness industry. She is a rehabilitation consultant, a Yoga therapist, author, and entrepreneur. She is the founder and CEO of ZEN&amp;CO., a firm offering tailor-made corporate programs across Canada. She is a member of the International Association of Yoga Therapists (IAYT) and the Acad\u00e9mie des naturopathes et naturoth\u00e9rapeutes du Canada.<\/p>\n<\/div><\/section><\/div><\/div><!--close column table wrapper. Autoclose: 1 -->\n\n<style type=\"text\/css\" data-created_by=\"avia_inline_auto\" id=\"style-css-av-3py59i-449013aaa0d0b143d38e5168c99ef657\">\n#top .hr.hr-invisible.av-3py59i-449013aaa0d0b143d38e5168c99ef657{\nheight:20px;\n}\n<\/style>\n<div  class='hr av-3py59i-449013aaa0d0b143d38e5168c99ef657 hr-invisible  avia-builder-el-14  el_after_av_three_fourth  el_before_av_one_fourth '><span class='hr-inner '><span class=\"hr-inner-style\"><\/span><\/span><\/div>\n<div class='flex_column_table av-4148km-32b1bb83b38f94be61f46fff379cb2bc sc-av_one_fourth av-equal-height-column-flextable'>\n<style type=\"text\/css\" data-created_by=\"avia_inline_auto\" id=\"style-css-av-4148km-32b1bb83b38f94be61f46fff379cb2bc\">\n#top .flex_column_table.av-equal-height-column-flextable.av-4148km-32b1bb83b38f94be61f46fff379cb2bc{\nmargin-top:10px;\nmargin-bottom:0px;\n}\n.flex_column.av-4148km-32b1bb83b38f94be61f46fff379cb2bc{\nborder-radius:0px 0px 0px 0px;\npadding:0px 0px 0px 0px;\n}\n<\/style>\n<div  class='flex_column av-4148km-32b1bb83b38f94be61f46fff379cb2bc av_one_fourth  avia-builder-el-15  el_after_av_hr  el_before_av_three_fourth  first flex_column_table_cell av-equal-height-column av-align-top av-zero-column-padding  '     ><style type=\"text\/css\" data-created_by=\"avia_inline_auto\" id=\"style-css-av-ko8px387-2bf2fef6051903ba377a9fb9eb94027c\">\n.avia-image-container.av-ko8px387-2bf2fef6051903ba377a9fb9eb94027c img.avia_image{\nbox-shadow:none;\n}\n.avia-image-container.av-ko8px387-2bf2fef6051903ba377a9fb9eb94027c .av-image-caption-overlay-center{\ncolor:#ffffff;\n}\n<\/style>\n<div  class='avia-image-container av-ko8px387-2bf2fef6051903ba377a9fb9eb94027c av-styling- avia_animated_image av-animated-when-visible-95 fade-in avia-align-center  avia-builder-el-16  avia-builder-el-no-sibling '   itemprop=\"image\" itemscope=\"itemscope\" itemtype=\"https:\/\/schema.org\/ImageObject\" ><div class=\"avia-image-container-inner\"><div class=\"avia-image-overlay-wrap\"><img decoding=\"async\" fetchpriority=\"high\" class='wp-image-2102 avia-img-lazy-loading-not-2102 avia_image ' src=\"https:\/\/conferences.euram.academy\/2021conference\/wp-content\/uploads\/sites\/4\/2021\/05\/Diane-Gabrielle-Tremblay.jpg\" alt='' title='Diane-Gabrielle Tremblay'  height=\"496\" width=\"350\"  itemprop=\"thumbnailUrl\" srcset=\"https:\/\/conferences.euram.academy\/2021conference\/wp-content\/uploads\/sites\/4\/2021\/05\/Diane-Gabrielle-Tremblay.jpg 350w, https:\/\/conferences.euram.academy\/2021conference\/wp-content\/uploads\/sites\/4\/2021\/05\/Diane-Gabrielle-Tremblay-212x300.jpg 212w\" sizes=\"(max-width: 350px) 100vw, 350px\" \/><\/div><\/div><\/div><\/div>\n<div class='av-flex-placeholder'><\/div>\n<style type=\"text\/css\" data-created_by=\"avia_inline_auto\" id=\"style-css-av-9wx712-d34144c696070defcc4fa8a567040caa\">\n#top .flex_column_table.av-equal-height-column-flextable.av-9wx712-d34144c696070defcc4fa8a567040caa{\nmargin-top:10px;\nmargin-bottom:0px;\n}\n.flex_column.av-9wx712-d34144c696070defcc4fa8a567040caa{\nborder-radius:0px 0px 0px 0px;\npadding:0px 0px 0px 0px;\n}\n<\/style>\n<div  class='flex_column av-9wx712-d34144c696070defcc4fa8a567040caa av_three_fourth  avia-builder-el-17  el_after_av_one_fourth  el_before_av_hr  flex_column_table_cell av-equal-height-column av-align-top av-zero-column-padding  '     ><section  class='av_textblock_section av-7sma52-69d2d1c4208aed143054af42a4c0ad00 '   itemscope=\"itemscope\" itemtype=\"https:\/\/schema.org\/CreativeWork\" ><div class='avia_textblock'  itemprop=\"text\" ><p style=\"text-align: justify;\"><strong>Diane-Gabrielle Tremblay<\/strong> is a specialist in human resource management, economics, and sociology of work. She holds a PhD in economics from the University of Paris-I &#8211; Sorbonne and a post-graduate DEA in sociology of work. She is full professor at Universit\u00e9 T\u00c9LUQ (Universit\u00e9 du Qu\u00e9bec). Two important topics of her research interests are Work-Family-Life Balance and Parental Leave.<\/p>\n<\/div><\/section><\/div><\/div><!--close column table wrapper. Autoclose: 1 -->\n\n<style type=\"text\/css\" data-created_by=\"avia_inline_auto\" id=\"style-css-av-2jfd8m-2cce76fedab7b3913586300d0da05b2c\">\n#top .hr.hr-invisible.av-2jfd8m-2cce76fedab7b3913586300d0da05b2c{\nheight:20px;\n}\n<\/style>\n<div  class='hr av-2jfd8m-2cce76fedab7b3913586300d0da05b2c hr-invisible  avia-builder-el-19  el_after_av_three_fourth  el_before_av_one_fourth '><span class='hr-inner '><span class=\"hr-inner-style\"><\/span><\/span><\/div>\n<div class='flex_column_table av-25k6k6-b1a94eef2d4931d5a1b6a5261e55e92c sc-av_one_fourth av-equal-height-column-flextable'>\n<style type=\"text\/css\" data-created_by=\"avia_inline_auto\" id=\"style-css-av-25k6k6-b1a94eef2d4931d5a1b6a5261e55e92c\">\n#top .flex_column_table.av-equal-height-column-flextable.av-25k6k6-b1a94eef2d4931d5a1b6a5261e55e92c{\nmargin-top:10px;\nmargin-bottom:0px;\n}\n.flex_column.av-25k6k6-b1a94eef2d4931d5a1b6a5261e55e92c{\nborder-radius:0px 0px 0px 0px;\npadding:0px 0px 0px 0px;\n}\n<\/style>\n<div  class='flex_column av-25k6k6-b1a94eef2d4931d5a1b6a5261e55e92c av_one_fourth  avia-builder-el-20  el_after_av_hr  el_before_av_three_fourth  first flex_column_table_cell av-equal-height-column av-align-top av-zero-column-padding  '     ><style type=\"text\/css\" data-created_by=\"avia_inline_auto\" id=\"style-css-av-ko8q8cvu-6397406c88023f143cd45a005a70c4f5\">\n.avia-image-container.av-ko8q8cvu-6397406c88023f143cd45a005a70c4f5 img.avia_image{\nbox-shadow:none;\n}\n.avia-image-container.av-ko8q8cvu-6397406c88023f143cd45a005a70c4f5 .av-image-caption-overlay-center{\ncolor:#ffffff;\n}\n<\/style>\n<div  class='avia-image-container av-ko8q8cvu-6397406c88023f143cd45a005a70c4f5 av-styling- avia_animated_image av-animated-when-visible-95 fade-in avia-align-center  avia-builder-el-21  avia-builder-el-no-sibling '   itemprop=\"image\" itemscope=\"itemscope\" itemtype=\"https:\/\/schema.org\/ImageObject\" ><div class=\"avia-image-container-inner\"><div class=\"avia-image-overlay-wrap\"><img decoding=\"async\" fetchpriority=\"high\" class='wp-image-2103 avia-img-lazy-loading-not-2103 avia_image ' src=\"https:\/\/conferences.euram.academy\/2021conference\/wp-content\/uploads\/sites\/4\/2021\/05\/Gilles-Dupuis.jpg\" alt='' title='Gilles Dupuis'  height=\"496\" width=\"350\"  itemprop=\"thumbnailUrl\" srcset=\"https:\/\/conferences.euram.academy\/2021conference\/wp-content\/uploads\/sites\/4\/2021\/05\/Gilles-Dupuis.jpg 350w, https:\/\/conferences.euram.academy\/2021conference\/wp-content\/uploads\/sites\/4\/2021\/05\/Gilles-Dupuis-212x300.jpg 212w\" sizes=\"(max-width: 350px) 100vw, 350px\" \/><\/div><\/div><\/div><\/div>\n<div class='av-flex-placeholder'><\/div>\n<style type=\"text\/css\" data-created_by=\"avia_inline_auto\" id=\"style-css-av-4yffva-f5576ec46bd9607177f8a3a19b705d99\">\n#top .flex_column_table.av-equal-height-column-flextable.av-4yffva-f5576ec46bd9607177f8a3a19b705d99{\nmargin-top:10px;\nmargin-bottom:0px;\n}\n.flex_column.av-4yffva-f5576ec46bd9607177f8a3a19b705d99{\nborder-radius:0px 0px 0px 0px;\npadding:0px 0px 0px 0px;\n}\n<\/style>\n<div  class='flex_column av-4yffva-f5576ec46bd9607177f8a3a19b705d99 av_three_fourth  avia-builder-el-22  el_after_av_one_fourth  avia-builder-el-last  flex_column_table_cell av-equal-height-column av-align-top av-zero-column-padding  '     ><section  class='av_textblock_section av-34ujl2-cc48b50265fd49e05489706f9e3996cd '   itemscope=\"itemscope\" itemtype=\"https:\/\/schema.org\/CreativeWork\" ><div class='avia_textblock'  itemprop=\"text\" ><p style=\"text-align: justify;\"><strong>Gilles Dupuis, PhD<\/strong>, is a full professor at the department of psychology, UQAM. He is a specialist in health psychology, methodology\/statistics and in evaluation of Quality of life and Quality of work life. He is the author of the Quality-of-life systemic inventory (QLSI) and co-author of the Quality of work life systemic inventory (QWLSI): <a href=\"http:\/\/qualitedevie.lepsyq.ca\/\" target=\"_blank\" rel=\"noopener\">http:\/\/qualitedevie.lepsyq.ca\/<\/a>. He is also a yoga teacher.<\/p>\n<\/div><\/section><\/div><\/div><!--close column table wrapper. Autoclose: 1 -->\n","protected":false},"excerpt":{"rendered":"","protected":false},"author":1,"featured_media":0,"parent":0,"menu_order":0,"comment_status":"closed","ping_status":"closed","template":"","meta":{"footnotes":""},"class_list":["post-2098","page","type-page","status-publish","hentry"],"_links":{"self":[{"href":"https:\/\/conferences.euram.academy\/2021conference\/wp-json\/wp\/v2\/pages\/2098","targetHints":{"allow":["GET"]}}],"collection":[{"href":"https:\/\/conferences.euram.academy\/2021conference\/wp-json\/wp\/v2\/pages"}],"about":[{"href":"https:\/\/conferences.euram.academy\/2021conference\/wp-json\/wp\/v2\/types\/page"}],"author":[{"embeddable":true,"href":"https:\/\/conferences.euram.academy\/2021conference\/wp-json\/wp\/v2\/users\/1"}],"replies":[{"embeddable":true,"href":"https:\/\/conferences.euram.academy\/2021conference\/wp-json\/wp\/v2\/comments?post=2098"}],"version-history":[{"count":6,"href":"https:\/\/conferences.euram.academy\/2021conference\/wp-json\/wp\/v2\/pages\/2098\/revisions"}],"predecessor-version":[{"id":2360,"href":"https:\/\/conferences.euram.academy\/2021conference\/wp-json\/wp\/v2\/pages\/2098\/revisions\/2360"}],"wp:attachment":[{"href":"https:\/\/conferences.euram.academy\/2021conference\/wp-json\/wp\/v2\/media?parent=2098"}],"curies":[{"name":"wp","href":"https:\/\/api.w.org\/{rel}","templated":true}]}}